{"id":12,"date":"2015-04-04T20:01:23","date_gmt":"2015-04-04T20:01:23","guid":{"rendered":"http:\/\/baumer-sexualberatung.de\/?page_id=12"},"modified":"2020-11-23T17:43:13","modified_gmt":"2020-11-23T17:43:13","slug":"arbeitsweise","status":"publish","type":"page","link":"https:\/\/baumer-paarberatung.de\/?page_id=12","title":{"rendered":"Arbeitsweise"},"content":{"rendered":"<p style=\"text-align: justify;\">Als Paartherapeutin habe ich eine breitgef\u00e4cherte Spezialisierung. Dies macht es mir m\u00f6glich, viele moderne Ans\u00e4tze zu vereinen und Sie optimal zu unterst\u00fctzen. Alle Informationen werden selbstverst\u00e4ndlich vertraulich behandelt.<br \/>Diskretion ist wichtig und ich plane die Termine so, dass Sie zu 99% keinem anderen Klienten begegnen.<\/p>\n<div class=\"page\" title=\"Page 4\">\n<div class=\"section\">\n<div class=\"layoutArea\">\n<div class=\"column\">\n<p><span style=\"color: #000080;\"><em>Nicht der Mensch hat sich der Methode, sondern die Methode dem Menschen anzupassen.<\/em><\/span><\/p>\n<\/div>\n<\/div>\n<\/div>\n<\/div>\n<ul>\n<li><strong>Systemische Beratung und Therapie<\/strong><\/li>\n<li><strong><strong>Hypnosystemische Ans\u00e4tze<\/strong><br \/><\/strong><\/li>\n<li><strong>Verhaltenstherapie<\/strong><\/li>\n<li><strong>NLP (Neurolinguistische Programmierung)<\/strong><\/li>\n<li><strong>Achtsamkeit (MBSR nach Kabat &#8211; Zinn)<\/strong><\/li>\n<li><strong>Entspannungsverfahren (Muskelentspannung, Autogenes Training, Atmung u.a.)<\/strong><\/li>\n<li><strong>Modell der Salutogenese (Entstehung und Erhaltung von Gesundheit)\/\u00a0<\/strong><span style=\"font-weight: 600;\">Residenz<\/span><\/li>\n<li><strong>Embodiment\/K\u00f6rpertherapie<\/strong><\/li>\n<li><strong>Differenzierungsmodell nach D. Schnarch (\u201eDifferenzierungen hei\u00dft, auf seinen eigenen Beinen zu stehen,\u00a0aber nicht auf den Zehen des Partners.\u201c)<br \/><\/strong><\/li>\n<li><strong>Polyvagaltheorie (Stephen Porges, Nervensystem und Sicherheit)<br \/><\/strong><\/li>\n<li><strong>Ans\u00e4tze aus dem Sexocorporel\u00a0<\/strong><\/li>\n<li><strong>u. a. &#8211; beachten Sie bitte die Zusatzinformationen. <\/strong>\n<p>\u00a0<\/p>\n<\/li>\n<\/ul>\n\n\n<div class=\"wp-block-image\"><figure class=\"aligncenter size-large is-resized\"><img loading=\"lazy\" decoding=\"async\" src=\"http:\/\/baumer-paarberatung.de\/wp-content\/uploads\/2019\/11\/FreundeVernetzungH\u00c4nde-1024x682.jpg\" alt=\"\" class=\"wp-image-522\" width=\"522\" height=\"348\" srcset=\"https:\/\/baumer-paarberatung.de\/wp-content\/uploads\/2019\/11\/FreundeVernetzungH\u00c4nde-1024x682.jpg 1024w, https:\/\/baumer-paarberatung.de\/wp-content\/uploads\/2019\/11\/FreundeVernetzungH\u00c4nde-300x200.jpg 300w, https:\/\/baumer-paarberatung.de\/wp-content\/uploads\/2019\/11\/FreundeVernetzungH\u00c4nde-768x512.jpg 768w, https:\/\/baumer-paarberatung.de\/wp-content\/uploads\/2019\/11\/FreundeVernetzungH\u00c4nde-624x416.jpg 624w, https:\/\/baumer-paarberatung.de\/wp-content\/uploads\/2019\/11\/FreundeVernetzungH\u00c4nde.jpg 1280w\" sizes=\"auto, (max-width: 522px) 100vw, 522px\" \/><\/figure><\/div>\n","protected":false},"excerpt":{"rendered":"<p>Als Paartherapeutin habe ich eine breitgef\u00e4cherte Spezialisierung. Dies macht es mir m\u00f6glich, viele moderne Ans\u00e4tze zu vereinen und Sie optimal zu unterst\u00fctzen. Alle Informationen werden selbstverst\u00e4ndlich vertraulich behandelt.Diskretion ist wichtig und ich plane die Termine so, dass Sie zu 99% keinem anderen Klienten begegnen. Nicht der Mensch hat sich der Methode, sondern die Methode dem [&hellip;]<\/p>\n","protected":false},"author":2,"featured_media":0,"parent":0,"menu_order":0,"comment_status":"closed","ping_status":"open","template":"","meta":{"footnotes":""},"class_list":["post-12","page","type-page","status-publish","hentry"],"_links":{"self":[{"href":"https:\/\/baumer-paarberatung.de\/index.php?rest_route=\/wp\/v2\/pages\/12","targetHints":{"allow":["GET"]}}],"collection":[{"href":"https:\/\/baumer-paarberatung.de\/index.php?rest_route=\/wp\/v2\/pages"}],"about":[{"href":"https:\/\/baumer-paarberatung.de\/index.php?rest_route=\/wp\/v2\/types\/page"}],"author":[{"embeddable":true,"href":"https:\/\/baumer-paarberatung.de\/index.php?rest_route=\/wp\/v2\/users\/2"}],"replies":[{"embeddable":true,"href":"https:\/\/baumer-paarberatung.de\/index.php?rest_route=%2Fwp%2Fv2%2Fcomments&post=12"}],"version-history":[{"count":18,"href":"https:\/\/baumer-paarberatung.de\/index.php?rest_route=\/wp\/v2\/pages\/12\/revisions"}],"predecessor-version":[{"id":885,"href":"https:\/\/baumer-paarberatung.de\/index.php?rest_route=\/wp\/v2\/pages\/12\/revisions\/885"}],"wp:attachment":[{"href":"https:\/\/baumer-paarberatung.de\/index.php?rest_route=%2Fwp%2Fv2%2Fmedia&parent=12"}],"curies":[{"name":"wp","href":"https:\/\/api.w.org\/{rel}","templated":true}]}}