{"id":147,"date":"2015-04-15T14:22:55","date_gmt":"2015-04-15T14:22:55","guid":{"rendered":"http:\/\/baumer-sexualberatung.de\/?page_id=147"},"modified":"2021-02-02T22:17:46","modified_gmt":"2021-02-02T22:17:46","slug":"systemische-haltung","status":"publish","type":"page","link":"https:\/\/baumer-paarberatung.de\/?page_id=147","title":{"rendered":"systemische Haltung"},"content":{"rendered":"<p>Beim systemischen Ansatz wird die Situation des Einzelnen in seinem Lebenskontext betrachtet. Soziale Beziehungen und Kommunikation spielen hierbei eine wichtige Rolle. Durch ungew\u00f6hnliche Fragen k\u00f6nnen neue Perspektiven und Informationen gewonnen, L\u00f6sungen erfunden oder gefunden und \u201ealte\u201c Muster ver\u00e4ndert werden. \u2028Wir schauen gemeinsam auf Ihre Ressourcen und erarbeiten zusammen L\u00f6sungsm\u00f6glichkeiten.<br \/>Grundprinzipien der Systemik<br \/>-Jeder Mensch hat aufgrund seiner pers\u00f6nlichen Lebenserfahrung seine eigene Wirklichkeit.<br \/>-Es sind nicht die Ereignisse, die wirken, sondern die Bedeutung, die ihnen gegeben wird.<br \/>-Die Fokussierung auf erreichbare Ziele und auf die Zukunft erleichtert eine Ver\u00e4nderung in die gew\u00fcnschte Richtung.<\/p>\n<p>1. Die systemische Haltung ist eine Kompetenz, die man sich aneignen kann, was \u00fcber einen l\u00e4ngeren Zeitraum geschieht, in dem man sich mit systemischen Theorien, Haltungen und Ideen besch\u00e4ftigt und diese auch in der Praxis umsetzt.<\/p>\n<p>2. Diese Haltung wertet nicht in schwarz- wei\u00df, gut &#8211; schlecht, schuldig- unschuldig, sondern besch\u00e4ftigt sich mit L\u00f6sungen und Ideen, die f\u00fcr das betreffende System (Individuum, Gruppen, Paare) \u00a0hilfreich und n\u00fctzlich sein k\u00f6nnen.<\/p>\n<p>3. Sie unterst\u00fctzt das Beobachten von Kommunikationen zwischen Systemen (Menschen). Eine grunds\u00e4tzliche Frage ist hierbei: &#8222;Wie funktioniert die Kommunikation?&#8220; bzw. &#8222;Wie funktioniert das Spiel?&#8220;.<\/p>\n<p>Gundlagen:<\/p>\n<ul>\n<li>Neutralit\u00e4t<\/li>\n<li>Angebote bzw. Fragen er\u00f6ffnen M\u00f6glichkeitsr\u00e4ume<\/li>\n<li>Wertsch\u00e4tzung<\/li>\n<li>Toleranz<\/li>\n<li>Humor bzw. Kreativit\u00e4t und Ideenreichtum (&#8222;Ideen, die noch nicht gedacht wurden.&#8220;)<\/li>\n<li>Respekt vor dem Erleben anderer bzw. &#8222;Wie erleben andere <em>die Wirklichkeit<\/em>?&#8220;<\/li>\n<\/ul>\n\n\n<div class=\"wp-block-image\"><figure class=\"aligncenter size-large is-resized\"><img loading=\"lazy\" decoding=\"async\" src=\"http:\/\/baumer-paarberatung.de\/wp-content\/uploads\/2019\/11\/Vernetzung.jpg\" alt=\"\" class=\"wp-image-529\" width=\"363\" height=\"242\" srcset=\"https:\/\/baumer-paarberatung.de\/wp-content\/uploads\/2019\/11\/Vernetzung.jpg 720w, https:\/\/baumer-paarberatung.de\/wp-content\/uploads\/2019\/11\/Vernetzung-300x200.jpg 300w, https:\/\/baumer-paarberatung.de\/wp-content\/uploads\/2019\/11\/Vernetzung-624x416.jpg 624w\" sizes=\"auto, (max-width: 363px) 100vw, 363px\" \/><\/figure><\/div>\n","protected":false},"excerpt":{"rendered":"<p>Beim systemischen Ansatz wird die Situation des Einzelnen in seinem Lebenskontext betrachtet. Soziale Beziehungen und Kommunikation spielen hierbei eine wichtige Rolle. Durch ungew\u00f6hnliche Fragen k\u00f6nnen neue Perspektiven und Informationen gewonnen, L\u00f6sungen erfunden oder gefunden und \u201ealte\u201c Muster ver\u00e4ndert werden. \u2028Wir schauen gemeinsam auf Ihre Ressourcen und erarbeiten zusammen L\u00f6sungsm\u00f6glichkeiten.Grundprinzipien der Systemik-Jeder Mensch hat aufgrund seiner [&hellip;]<\/p>\n","protected":false},"author":2,"featured_media":0,"parent":0,"menu_order":0,"comment_status":"closed","ping_status":"open","template":"","meta":{"footnotes":""},"class_list":["post-147","page","type-page","status-publish","hentry"],"_links":{"self":[{"href":"https:\/\/baumer-paarberatung.de\/index.php?rest_route=\/wp\/v2\/pages\/147","targetHints":{"allow":["GET"]}}],"collection":[{"href":"https:\/\/baumer-paarberatung.de\/index.php?rest_route=\/wp\/v2\/pages"}],"about":[{"href":"https:\/\/baumer-paarberatung.de\/index.php?rest_route=\/wp\/v2\/types\/page"}],"author":[{"embeddable":true,"href":"https:\/\/baumer-paarberatung.de\/index.php?rest_route=\/wp\/v2\/users\/2"}],"replies":[{"embeddable":true,"href":"https:\/\/baumer-paarberatung.de\/index.php?rest_route=%2Fwp%2Fv2%2Fcomments&post=147"}],"version-history":[{"count":9,"href":"https:\/\/baumer-paarberatung.de\/index.php?rest_route=\/wp\/v2\/pages\/147\/revisions"}],"predecessor-version":[{"id":1021,"href":"https:\/\/baumer-paarberatung.de\/index.php?rest_route=\/wp\/v2\/pages\/147\/revisions\/1021"}],"wp:attachment":[{"href":"https:\/\/baumer-paarberatung.de\/index.php?rest_route=%2Fwp%2Fv2%2Fmedia&parent=147"}],"curies":[{"name":"wp","href":"https:\/\/api.w.org\/{rel}","templated":true}]}}