{"id":155,"date":"2015-04-15T18:59:33","date_gmt":"2015-04-15T18:59:33","guid":{"rendered":"http:\/\/baumer-sexualberatung.de\/?page_id=155"},"modified":"2019-11-09T16:02:15","modified_gmt":"2019-11-09T16:02:15","slug":"mediation","status":"publish","type":"page","link":"https:\/\/baumer-paarberatung.de\/?page_id=155","title":{"rendered":"Mediation"},"content":{"rendered":"<p>Trennt sich ein Paar, so m\u00fcssen Fragen nach der Aufteilung des Verm\u00f6gens oder Umgangsregelungen f\u00fcr die Kinder gekl\u00e4rt werden. Durch eine Mediation (&#8222;Vermittlung&#8220;) k\u00f6nnen verschiedene Themen konstruktiv besprochen\u00a0werden. Voraussetzung hierf\u00fcr ist der beidseitige Wunsch, den Konflikt einvernehmlich und fair zu l\u00f6sen.<\/p>\n<p><strong>Folgende Kriterien st\u00fctzen eine Mediation<\/strong><\/p>\n<ul>\n<li>Zusammenarbeit<\/li>\n<li>Interessen\/Ziele<\/li>\n<li>Sach- und Beziehungsebene<\/li>\n<li>L\u00f6sungen\/Zukunft<\/li>\n<li>Win-Win<\/li>\n<li>Entscheidung selbstbestimmt<\/li>\n<\/ul>\n<p><strong>M\u00f6gliche Themen<\/strong><\/p>\n<ul>\n<li>Wir wollen in Frieden auseinandergehen und eine<br \/>\neinvernehmliche L\u00f6sung finden ohne uns st\u00e4ndig zu streiten.<\/li>\n<li>Wie k\u00f6nnen wir unseren Kindern weiterhin gute Eltern sein, auch wenn wir kein Paar mehr sind ?<\/li>\n<li>Wie k\u00f6nnen wir unseren Kindern gut erkl\u00e4ren, dass wir uns trennen wollen?<\/li>\n<li>Wir wollen ein langwieriges, nervenaufreibendes Scheidungsverfahren und hohe Kosten vermeiden.<\/li>\n<\/ul>\n<p>Ein Artikel von mir zu diesem Thema:<\/p>\n<p><a href=\"http:\/\/baumer-paarberatung.de\/wp-content\/uploads\/2015\/04\/3.ArtikelKonfliktkl\u00e4rungHOmepage.pdf\">ArtikelKonfliktkl\u00e4rung<\/a><\/p>\n<p>&nbsp;<\/p>\n<p><a href=\"http:\/\/baumer-sexualberatung.de\/wp-content\/uploads\/2015\/04\/P1010122kop2.jpg\"><img loading=\"lazy\" decoding=\"async\" class=\"alignnone size-medium wp-image-211\" src=\"http:\/\/baumer-sexualberatung.de\/wp-content\/uploads\/2015\/04\/P1010122kop2-300x225.jpg\" alt=\"OLYMPUS DIGITAL CAMERA\" width=\"300\" height=\"225\" srcset=\"https:\/\/baumer-paarberatung.de\/wp-content\/uploads\/2015\/04\/P1010122kop2-300x225.jpg 300w, https:\/\/baumer-paarberatung.de\/wp-content\/uploads\/2015\/04\/P1010122kop2-1024x768.jpg 1024w, https:\/\/baumer-paarberatung.de\/wp-content\/uploads\/2015\/04\/P1010122kop2-624x468.jpg 624w\" sizes=\"auto, (max-width: 300px) 100vw, 300px\" \/><\/a><\/p>\n<p>&nbsp;<\/p>\n","protected":false},"excerpt":{"rendered":"<p>Trennt sich ein Paar, so m\u00fcssen Fragen nach der Aufteilung des Verm\u00f6gens oder Umgangsregelungen f\u00fcr die Kinder gekl\u00e4rt werden. Durch eine Mediation (&#8222;Vermittlung&#8220;) k\u00f6nnen verschiedene Themen konstruktiv besprochen\u00a0werden. Voraussetzung hierf\u00fcr ist der beidseitige Wunsch, den Konflikt einvernehmlich und fair zu l\u00f6sen. Folgende Kriterien st\u00fctzen eine Mediation Zusammenarbeit Interessen\/Ziele Sach- und Beziehungsebene L\u00f6sungen\/Zukunft Win-Win Entscheidung selbstbestimmt [&hellip;]<\/p>\n","protected":false},"author":2,"featured_media":0,"parent":0,"menu_order":0,"comment_status":"closed","ping_status":"open","template":"","meta":{"footnotes":""},"class_list":["post-155","page","type-page","status-publish","hentry"],"_links":{"self":[{"href":"https:\/\/baumer-paarberatung.de\/index.php?rest_route=\/wp\/v2\/pages\/155","targetHints":{"allow":["GET"]}}],"collection":[{"href":"https:\/\/baumer-paarberatung.de\/index.php?rest_route=\/wp\/v2\/pages"}],"about":[{"href":"https:\/\/baumer-paarberatung.de\/index.php?rest_route=\/wp\/v2\/types\/page"}],"author":[{"embeddable":true,"href":"https:\/\/baumer-paarberatung.de\/index.php?rest_route=\/wp\/v2\/users\/2"}],"replies":[{"embeddable":true,"href":"https:\/\/baumer-paarberatung.de\/index.php?rest_route=%2Fwp%2Fv2%2Fcomments&post=155"}],"version-history":[{"count":10,"href":"https:\/\/baumer-paarberatung.de\/index.php?rest_route=\/wp\/v2\/pages\/155\/revisions"}],"predecessor-version":[{"id":469,"href":"https:\/\/baumer-paarberatung.de\/index.php?rest_route=\/wp\/v2\/pages\/155\/revisions\/469"}],"wp:attachment":[{"href":"https:\/\/baumer-paarberatung.de\/index.php?rest_route=%2Fwp%2Fv2%2Fmedia&parent=155"}],"curies":[{"name":"wp","href":"https:\/\/api.w.org\/{rel}","templated":true}]}}