{"id":161,"date":"2015-04-15T19:40:21","date_gmt":"2015-04-15T19:40:21","guid":{"rendered":"http:\/\/baumer-sexualberatung.de\/?page_id=161"},"modified":"2019-11-18T18:16:18","modified_gmt":"2019-11-18T18:16:18","slug":"silversex","status":"publish","type":"page","link":"https:\/\/baumer-paarberatung.de\/?page_id=161","title":{"rendered":"Silversex"},"content":{"rendered":"<p>Der&nbsp;Begriff &#8222;Silversex&#8220; bezeichnet Sexualit\u00e4t im h\u00f6heren Alter.&nbsp;In diesem Lebensabschnitt (meist ist hiermit die Sexualit\u00e4t ab ca. 50-60 Jahren gemeint) treten, meist aufgrund von k\u00f6rperlichen Entwicklungen, sexuelle Ver\u00e4nderungen auf.<\/p>\n<p><strong>Frauen<\/strong><\/p>\n<p>Bei Ihnen nimmt mit zunehmendem Alter nicht nur die H\u00e4ufigkeit, sondern auch die Anzahl der Frauen mit sexuellem Verkehr ab. Einige Frauen leben ohne Partner oder m\u00f6chten keine sexuellen Aktivit\u00e4ten, weil sie diese als unbefriedigend erleb(t)en. Weiterhin ver\u00e4ndert sich der \u00d6strogenspiegel und die Scheidenhaut wird d\u00fcnner, so dass Schmerzen beim Geschlechtsverkehr auftreten k\u00f6nnen.<\/p>\n<p>Andere hingegen f\u00fchlen sich nach der Menopause freier in ihrer sexuellen Gestaltung, weil Verh\u00fctungsprobleme wegfallen und Regelblutungen ausbleiben. Hierbei spielt es oftmals eine gro\u00dfe Rolle, ob diese Frauen ihr bisheriges Sexualleben bereits als erf\u00fcllend genie\u00dfen konnten und es nun weiterhin gestalten wollen. Ein stabiles Selbstbewusstsein und ein Partner, der diese und ihren K\u00f6rper wertsch\u00e4tzt, wirken meist sehr unterst\u00fctzend.<\/p>\n<p><strong>M\u00e4nner<\/strong><\/p>\n<p>Sie ben\u00f6tigen im fortgeschrittenen Alter meist st\u00e4rkere Reize f\u00fcr eine Erektion und die Zeit bis zur Ejakulation nimmt zu. Auch hier ist ein achtsamer Umgang innerhalb der Partnerschaft hilfreich, um diese Ver\u00e4nderungen annehmen und sinnlich gestalten zu k\u00f6nnen.<\/p>\n<p>Der Einsatz von potenzsteigernden&nbsp;Mitteln kann helfen, jedoch sollte eine \u00e4rztliche Untersuchung vorausgehen um bspw. Herz-Kreislauf- oder Diabetes- Erkrankungen auszuschlie\u00dfen.<\/p>\n<p>&nbsp;<\/p>\n\n\n<div class=\"wp-block-image\"><figure class=\"aligncenter size-large\"><img loading=\"lazy\" decoding=\"async\" width=\"720\" height=\"480\" src=\"http:\/\/baumer-paarberatung.de\/wp-content\/uploads\/2019\/11\/Silversex.jpg\" alt=\"\" class=\"wp-image-547\" srcset=\"https:\/\/baumer-paarberatung.de\/wp-content\/uploads\/2019\/11\/Silversex.jpg 720w, https:\/\/baumer-paarberatung.de\/wp-content\/uploads\/2019\/11\/Silversex-300x200.jpg 300w, https:\/\/baumer-paarberatung.de\/wp-content\/uploads\/2019\/11\/Silversex-624x416.jpg 624w\" sizes=\"auto, (max-width: 720px) 100vw, 720px\" \/><\/figure><\/div>\n","protected":false},"excerpt":{"rendered":"<p>Der&nbsp;Begriff &#8222;Silversex&#8220; bezeichnet Sexualit\u00e4t im h\u00f6heren Alter.&nbsp;In diesem Lebensabschnitt (meist ist hiermit die Sexualit\u00e4t ab ca. 50-60 Jahren gemeint) treten, meist aufgrund von k\u00f6rperlichen Entwicklungen, sexuelle Ver\u00e4nderungen auf. Frauen Bei Ihnen nimmt mit zunehmendem Alter nicht nur die H\u00e4ufigkeit, sondern auch die Anzahl der Frauen mit sexuellem Verkehr ab. Einige Frauen leben ohne Partner oder [&hellip;]<\/p>\n","protected":false},"author":2,"featured_media":0,"parent":0,"menu_order":0,"comment_status":"closed","ping_status":"open","template":"","meta":{"footnotes":""},"class_list":["post-161","page","type-page","status-publish","hentry"],"_links":{"self":[{"href":"https:\/\/baumer-paarberatung.de\/index.php?rest_route=\/wp\/v2\/pages\/161","targetHints":{"allow":["GET"]}}],"collection":[{"href":"https:\/\/baumer-paarberatung.de\/index.php?rest_route=\/wp\/v2\/pages"}],"about":[{"href":"https:\/\/baumer-paarberatung.de\/index.php?rest_route=\/wp\/v2\/types\/page"}],"author":[{"embeddable":true,"href":"https:\/\/baumer-paarberatung.de\/index.php?rest_route=\/wp\/v2\/users\/2"}],"replies":[{"embeddable":true,"href":"https:\/\/baumer-paarberatung.de\/index.php?rest_route=%2Fwp%2Fv2%2Fcomments&post=161"}],"version-history":[{"count":2,"href":"https:\/\/baumer-paarberatung.de\/index.php?rest_route=\/wp\/v2\/pages\/161\/revisions"}],"predecessor-version":[{"id":548,"href":"https:\/\/baumer-paarberatung.de\/index.php?rest_route=\/wp\/v2\/pages\/161\/revisions\/548"}],"wp:attachment":[{"href":"https:\/\/baumer-paarberatung.de\/index.php?rest_route=%2Fwp%2Fv2%2Fmedia&parent=161"}],"curies":[{"name":"wp","href":"https:\/\/api.w.org\/{rel}","templated":true}]}}