{"id":17,"date":"2015-04-04T20:04:36","date_gmt":"2015-04-04T20:04:36","guid":{"rendered":"http:\/\/baumer-sexualberatung.de\/?page_id=17"},"modified":"2021-01-07T20:26:20","modified_gmt":"2021-01-07T20:26:20","slug":"paarberatung","status":"publish","type":"page","link":"https:\/\/baumer-paarberatung.de\/?page_id=17","title":{"rendered":"Paarberatung"},"content":{"rendered":"<p><strong>Partnerschaft neu und zufrieden gestalten lernen<br \/><\/strong>In Krisensituationen gelangen Paare h\u00e4ufig an der Grenze ihrer sozialen und kommunikativen F\u00e4higkeiten. Vorw\u00fcrfe, Resignation oder Verzweiflung, sind oft die Folge.\u00a0Sexuelle Au\u00dfenbeziehungen k\u00f6nnen zudem das &#8222;Fass zum \u00dcberlaufen&#8220; bringen. Bekannte L\u00f6sungsans\u00e4tze greifen nicht mehr und Konflikte laufen nach einge\u00fcbten Mustern ab.<\/p>\n<p><strong>Der Weg aus der Krise<br \/><\/strong>In der Paarberatung unterst\u00fctze ich Sie, festgefahrene Konflikte aus der Sackgasse zu f\u00fchren und L\u00f6sungsstrategien zu entwickeln, wodurch Sie sich als Paar <strong>neu begegnen<\/strong> k\u00f6nnen.<\/p>\n<p>Folgende<strong> Fragen<\/strong> k\u00f6nnen dabei zur Kl\u00e4rung und Neugestaltung Ihrer Partnerschaft hilfreich sein:<\/p>\n<ul>\n<li>Wo stehen wir?<\/li>\n<li>In welchen Mustern gestaltet sich die Paarbeziehung?<\/li>\n<li>Wie verl\u00e4uft unsere Kommunikation?<\/li>\n<li>Was verbindet uns?<\/li>\n<li>Was wollen wir beibehalten und was \u00e4ndern?<\/li>\n<li>In welchen Situationen tut mir\/uns die Kommunikation gut?<\/li>\n<li>Wie setzen wir es im Alltag um?<\/li>\n<\/ul>\n<p><strong>Beziehungsmanagement<br \/><\/strong>Ein Kernproblem liegt oft darin, dass Paare ihre Probleme nicht selber l\u00f6sen k\u00f6nnen und die Schuld beim Partner \u201egesehen\u201c wird. Dadurch entwickelt sich manchmal ein Teufelskreis, indem Ursachenzuweisungen und R\u00fcckzug sich gegenseitig verst\u00e4rken.<\/p>\n<p>Ein <strong>\u201eBeziehungscoaching\u201c<\/strong> kann erlernt werden, damit Paare selbst\u00e4ndig eine zufriedene Beziehung kreieren k\u00f6nnen. Hierbei geht es darum, dass Paare lernen, ihre Problemmuster zu managen. Die <strong>Funktionsweise des Musters<\/strong> wird dazu detailliert betrachtet.<br \/>Leider sind solche Beziehungsmuster enorm widerstandsf\u00e4hig (da lange \u201eerprobt\u201c) und daher m\u00fcssen sich Paare zun\u00e4chst auf ein konsequentes Training einlassen. Mit der Zeit automatisiert sich das Training und macht oftmals Spa\u00df, so dass beide Beziehungspartner eine Entspannung in der Paarbeziehung sp\u00fcren und die Beziehung harmonischer verl\u00e4uft.<\/p>\n<p>(ausf\u00fchrlich dazu: Unterpunkt Beziehungsmanagement)<\/p>\n<p>\u00a0<\/p>\n<p style=\"text-align: center;\">\u00a0<\/p>\n<h6>\u00a0<\/h6>\n\n\n<div class=\"wp-block-image\"><figure class=\"aligncenter size-large\"><img loading=\"lazy\" decoding=\"async\" width=\"854\" height=\"480\" src=\"http:\/\/baumer-paarberatung.de\/wp-content\/uploads\/2019\/11\/Vers\u00f6hnung.jpg\" alt=\"\" class=\"wp-image-540\" srcset=\"https:\/\/baumer-paarberatung.de\/wp-content\/uploads\/2019\/11\/Vers\u00f6hnung.jpg 854w, https:\/\/baumer-paarberatung.de\/wp-content\/uploads\/2019\/11\/Vers\u00f6hnung-300x169.jpg 300w, https:\/\/baumer-paarberatung.de\/wp-content\/uploads\/2019\/11\/Vers\u00f6hnung-768x432.jpg 768w, https:\/\/baumer-paarberatung.de\/wp-content\/uploads\/2019\/11\/Vers\u00f6hnung-624x351.jpg 624w\" sizes=\"auto, (max-width: 854px) 100vw, 854px\" \/><\/figure><\/div>\n","protected":false},"excerpt":{"rendered":"<p>Partnerschaft neu und zufrieden gestalten lernenIn Krisensituationen gelangen Paare h\u00e4ufig an der Grenze ihrer sozialen und kommunikativen F\u00e4higkeiten. Vorw\u00fcrfe, Resignation oder Verzweiflung, sind oft die Folge.\u00a0Sexuelle Au\u00dfenbeziehungen k\u00f6nnen zudem das &#8222;Fass zum \u00dcberlaufen&#8220; bringen. Bekannte L\u00f6sungsans\u00e4tze greifen nicht mehr und Konflikte laufen nach einge\u00fcbten Mustern ab. Der Weg aus der KriseIn der Paarberatung unterst\u00fctze ich [&hellip;]<\/p>\n","protected":false},"author":2,"featured_media":0,"parent":0,"menu_order":0,"comment_status":"closed","ping_status":"open","template":"","meta":{"footnotes":""},"class_list":["post-17","page","type-page","status-publish","hentry"],"_links":{"self":[{"href":"https:\/\/baumer-paarberatung.de\/index.php?rest_route=\/wp\/v2\/pages\/17","targetHints":{"allow":["GET"]}}],"collection":[{"href":"https:\/\/baumer-paarberatung.de\/index.php?rest_route=\/wp\/v2\/pages"}],"about":[{"href":"https:\/\/baumer-paarberatung.de\/index.php?rest_route=\/wp\/v2\/types\/page"}],"author":[{"embeddable":true,"href":"https:\/\/baumer-paarberatung.de\/index.php?rest_route=\/wp\/v2\/users\/2"}],"replies":[{"embeddable":true,"href":"https:\/\/baumer-paarberatung.de\/index.php?rest_route=%2Fwp%2Fv2%2Fcomments&post=17"}],"version-history":[{"count":15,"href":"https:\/\/baumer-paarberatung.de\/index.php?rest_route=\/wp\/v2\/pages\/17\/revisions"}],"predecessor-version":[{"id":995,"href":"https:\/\/baumer-paarberatung.de\/index.php?rest_route=\/wp\/v2\/pages\/17\/revisions\/995"}],"wp:attachment":[{"href":"https:\/\/baumer-paarberatung.de\/index.php?rest_route=%2Fwp%2Fv2%2Fmedia&parent=17"}],"curies":[{"name":"wp","href":"https:\/\/api.w.org\/{rel}","templated":true}]}}