{"id":183,"date":"2015-04-18T16:35:39","date_gmt":"2015-04-18T16:35:39","guid":{"rendered":"http:\/\/baumer-sexualberatung.de\/?page_id=183"},"modified":"2019-11-23T11:57:07","modified_gmt":"2019-11-23T11:57:07","slug":"hypnosystemisch","status":"publish","type":"page","link":"https:\/\/baumer-paarberatung.de\/?page_id=183","title":{"rendered":"Hypnosystemisch"},"content":{"rendered":"<p style=\"text-align: justify;\">Die hypnosystemische Arbeitsweise ist ein <strong>Integrationskonzept<\/strong>, das systemische Ans\u00e4tze mit der Erickson&#8217;schen Psychotherapie (Hypnotherapie) verbindet, wobei weitere Ideen aus der K\u00f6rpertherapie, Psychodrama, Gestalttherapie, NLP usw. st\u00e4ndig f\u00fcr eine Weiterentwicklung sorgen.<\/p>\n<p style=\"text-align: justify;\">Der Vorteil hierbei ist, dass der Fokus au\u00dfer auf dem Beobachten von <strong>interaktionellen Mustern<\/strong> (Kommunikation zwischen Personen) vertiefend \u00a0auf das autonome Individuum (autopoietisches System) gerichtet wird und ein flexibles Eingehen auf die Einzigartigkeit des Menschen erm\u00f6glicht wird. Unwillk\u00fcrliche und willk\u00fcrliche Prozesse werden durch Trancen, Bilder, Ger\u00e4usche, Arbeit mit Materialien, Aufstellungen usw. beobachtet und gegebenenfalls in Richtung L\u00f6sungsebene ver\u00e4ndert.<br \/>Bei beiden Konzepten (systemisch &#8211; hypnosystemIsch) wird davon ausgegangen, dass wir unsere Wirklichkeit selbst &#8222;erzeugen&#8220;, indem wir unsere Wahrnehmung bewusst und unbewusst auf bestimmte Ausschnitte unserer Lebens-Wirklichkeit richten. Dadurch nehmen wir ausgew\u00e4hlte Reize wahr, die sich zu einem individuellen Bild zusammensetzen. Dies f\u00fchrt auch zu Problemtrancen, indem bestimmte Wahrnehmungen sich immer wiederholen und somit auch Probleme &#8222;erzeugt&#8220; werden k\u00f6nnen. Ein Gro\u00dfteil (?) der Wahrnehmung wird in bestimmten Kontexten auf das Problem gerichtet und beeinflusst wiederum die Gef\u00fchlslage, da Gedanken, Handlungen und Aussagen um diese Wahrnehmung &#8222;kreisen&#8220;. Eine entsprechende K\u00f6rperhaltung verst\u00e4rkt dieses Kreisen um bestimmte Probleme.\u00a0Dadurch bekommen wir einen Tunnelblick, haben eine bestimmte Art innere Dialoge zu f\u00fchren <em>(\u201eich bin schwach, unf\u00e4hig und werde das niemals schaffen\u201c<\/em>), und Mimik, Gestik, Atmung entsprechen dem Problemerleben \u2013 das alles \u201ehilft\u201c uns in der Problemtrance zu bleiben. Wir sind dann von unserem Problem so hypnotisiert und unsere Wahrnehmung ist so eingeschr\u00e4nkt, dass L\u00f6sungen nicht mehr wahrgenommen werden, da auf diese nicht\u00a0der Fokus liegt.<br \/>Dadurch bekommen wir einen Tunnelblick, haben eine bestimmte Art innere Dialoge zu f\u00fchren <em>(\u201eich bin schwach, klein, unf\u00e4hig und werde das niemals schaffen\u201c<\/em>), haben eine entsprechende K\u00f6rperhaltung, Mimik, Gestik, Atmung \u2013 das alles \u201ehilft\u201c uns in der Problemtrance zu bleiben. Wir sind dann von unserem Problem so hypnotisiert und unsere Wahrnehmung ist so eingeschr\u00e4nkt, dass L\u00f6sungen nicht mehr\u00a0in unserem Fokus liegen.<br \/><strong>Eine Frage, mit der sich der hypnosystemische Ansatz besch\u00e4ftigt, ist deshalb die, wie \u00a0Menschen darin unterst\u00fctzt werden k\u00f6nnen, von einer Problemtrance in eine L\u00f6sungstrance zu kommen.<br \/><\/strong><\/p>\n<p style=\"text-align: justify;\">Dr. med. Gunther Schmidt aus Heidelberg (Milton-Erickson-Institut) hat dieses\u00a0Konzept entwickelt und spricht hierbei von \u00e4u\u00dferen (Beruf, Familie, Partnerschaften) und inneren (eigene Wahrnehmung und Verarbeitung) Systemen, die in Wechselwirkungen stehen, wobei sich der Mensch bzw. sein &#8222;System&#8220; vorrangig mit dem \u00a0eigenen Innenleben besch\u00e4ftigt (autopoetisches System):\u00a0<strong>\u201eEs ist nicht das Problem, das einen fertig macht,<\/strong>\u00a0<strong>sondern die Beziehung zum Problem.\u201d<\/strong><br \/>Das hypnosystemische Modell hat sich in den letzten 25 Jahren international weit verbreitet und wird sowohl im psychotherapeutischen Bereich als auch in Coaching, Team- und Organisationsentwicklung sehr erfolgreich angewendet. Renommierte Pers\u00f6nlichkeiten aus unterschiedlichen Fachrichtungen &#8222;nutzen&#8220; und entwickeln ihn weiter:\u00a0Prof. Dr. Gerald H\u00fcther (Universit\u00e4t G\u00f6ttingen), Prof. Dr. Luise Reddemann, (K\u00f6ln und Universit\u00e4t Klagenfurt), Prof. Dr. med. Dr. phil. Helm Stierlin, (Universit\u00e4t Heidelberg), Dr. Jeffrey Zeig, (Direktor der Milton H. Erickson Foundation, Phoenix, Arizona, USA) u. a.<\/p>\n<p style=\"text-align: justify;\">Ganz nach dem Grundsatz:\u00a0<strong>&#8222;Individuelle L\u00f6sungen f\u00fcr einzigartige Menschen&#8220;<\/strong>.<br \/>So vielf\u00e4ltig wie die Menschen sind daher auch die Methoden:<\/p>\n<ul>\n<li>Trancen<br \/>Teilearbeit<br \/>Einsatz von Symbolen, Figuren, Bildern<br \/>Metaphern, Sprichw\u00f6rter, Geschichten<br \/>Time-line, Bodenanker<br \/>Aufstellungen<br \/>Musik, Skizzen<br \/>Externalisierungen<br \/>K\u00f6rperliche Aspekte wie Haltung, Atmung<br \/>Aufmerksamkeitsfocussierung<br \/>Intuition<br \/>Muster (innere und \u00e4u\u00dfere)<br \/>Farben, Lichter und Ger\u00e4usche<\/li>\n<\/ul>\n<p style=\"text-align: justify;\"><strong>\u00a0<\/strong><\/p>\n\n\n<div class=\"wp-block-image\"><figure class=\"aligncenter size-large is-resized\"><img loading=\"lazy\" decoding=\"async\" src=\"http:\/\/baumer-paarberatung.de\/wp-content\/uploads\/2019\/11\/tunnel.jpg\" alt=\"\" class=\"wp-image-579\" width=\"682\" height=\"512\" srcset=\"https:\/\/baumer-paarberatung.de\/wp-content\/uploads\/2019\/11\/tunnel.jpg 639w, https:\/\/baumer-paarberatung.de\/wp-content\/uploads\/2019\/11\/tunnel-300x225.jpg 300w, https:\/\/baumer-paarberatung.de\/wp-content\/uploads\/2019\/11\/tunnel-624x469.jpg 624w\" sizes=\"auto, (max-width: 682px) 100vw, 682px\" \/><\/figure><\/div>\n","protected":false},"excerpt":{"rendered":"<p>Die hypnosystemische Arbeitsweise ist ein Integrationskonzept, das systemische Ans\u00e4tze mit der Erickson&#8217;schen Psychotherapie (Hypnotherapie) verbindet, wobei weitere Ideen aus der K\u00f6rpertherapie, Psychodrama, Gestalttherapie, NLP usw. st\u00e4ndig f\u00fcr eine Weiterentwicklung sorgen. Der Vorteil hierbei ist, dass der Fokus au\u00dfer auf dem Beobachten von interaktionellen Mustern (Kommunikation zwischen Personen) vertiefend \u00a0auf das autonome Individuum (autopoietisches System) gerichtet [&hellip;]<\/p>\n","protected":false},"author":2,"featured_media":0,"parent":0,"menu_order":0,"comment_status":"closed","ping_status":"open","template":"","meta":{"footnotes":""},"class_list":["post-183","page","type-page","status-publish","hentry"],"_links":{"self":[{"href":"https:\/\/baumer-paarberatung.de\/index.php?rest_route=\/wp\/v2\/pages\/183","targetHints":{"allow":["GET"]}}],"collection":[{"href":"https:\/\/baumer-paarberatung.de\/index.php?rest_route=\/wp\/v2\/pages"}],"about":[{"href":"https:\/\/baumer-paarberatung.de\/index.php?rest_route=\/wp\/v2\/types\/page"}],"author":[{"embeddable":true,"href":"https:\/\/baumer-paarberatung.de\/index.php?rest_route=\/wp\/v2\/users\/2"}],"replies":[{"embeddable":true,"href":"https:\/\/baumer-paarberatung.de\/index.php?rest_route=%2Fwp%2Fv2%2Fcomments&post=183"}],"version-history":[{"count":9,"href":"https:\/\/baumer-paarberatung.de\/index.php?rest_route=\/wp\/v2\/pages\/183\/revisions"}],"predecessor-version":[{"id":610,"href":"https:\/\/baumer-paarberatung.de\/index.php?rest_route=\/wp\/v2\/pages\/183\/revisions\/610"}],"wp:attachment":[{"href":"https:\/\/baumer-paarberatung.de\/index.php?rest_route=%2Fwp%2Fv2%2Fmedia&parent=183"}],"curies":[{"name":"wp","href":"https:\/\/api.w.org\/{rel}","templated":true}]}}