{"id":2,"date":"2014-11-21T04:51:49","date_gmt":"2014-11-21T04:51:49","guid":{"rendered":"http:\/\/localhost\/wordpress-4.0.1\/wordpress\/?page_id=2"},"modified":"2021-07-25T15:39:24","modified_gmt":"2021-07-25T15:39:24","slug":"sample-page","status":"publish","type":"page","link":"https:\/\/baumer-paarberatung.de\/","title":{"rendered":""},"content":{"rendered":"<h2 style=\"text-align: center;\"><\/h2>\n<h2 style=\"text-align: right;\"><\/h2>\n<h2 style=\"text-align: center;\">\u00a0 \u00a0 \u00a0 \u00a0 \u00a0 \u00a0 \u00a0 \u00a0 \u00a0 \u00a0 \u00a0 \u00a0 \u00a0 \u00a0 \u00a0 \u00a0 \u00a0 \u00a0 \u00a0 \u00a0 \u00a0 \u00a0 Es gibt nichts, was es nicht gibt.<\/h2>\n<p><a href=\"https:\/\/baumer-paarberatung.de\/wp-content\/uploads\/2021\/07\/Baumer_Web-1.jpg\"><img loading=\"lazy\" decoding=\"async\" class=\"alignleft wp-image-1052\" src=\"https:\/\/baumer-paarberatung.de\/wp-content\/uploads\/2021\/07\/Baumer_Web-1-150x150.jpg\" alt=\"\" width=\"193\" height=\"250\" srcset=\"https:\/\/baumer-paarberatung.de\/wp-content\/uploads\/2021\/07\/Baumer_Web-1-232x300.jpg 232w, https:\/\/baumer-paarberatung.de\/wp-content\/uploads\/2021\/07\/Baumer_Web-1-768x994.jpg 768w, https:\/\/baumer-paarberatung.de\/wp-content\/uploads\/2021\/07\/Baumer_Web-1-624x807.jpg 624w, https:\/\/baumer-paarberatung.de\/wp-content\/uploads\/2021\/07\/Baumer_Web-1.jpg 773w\" sizes=\"auto, (max-width: 193px) 100vw, 193px\" \/><\/a>Ich hei\u00dfe Sie auf meiner Homepage <strong>herzlich Willkommen<\/strong> und freue mich dar\u00fcber, dass Sie den ersten Schritt hin zur L\u00f6sung Ihres Problems bereits getan haben, indem Sie sich hier im Internet nach den M\u00f6glichkeiten der Paarberatung oder Paartherapie sowie dem f\u00fcr Sie geeigneten Berater umschauen.<\/p>\n<p>Jede noch so gute Partnerschaft kann\u00a0in eine Krise geraten. Als systemisch-k\u00f6rperorientierte Therapeutin und Beraterin habe ich die Auffassung, dass Sie Gestalter Ihrer eigenen Beziehungen sind und bleiben und die L\u00f6sung Ihrer aktuellen Probleme bereits in sich tragen. Meine Aufgabe ist es, Ihnen zu erm\u00f6glichen, den richtigen Weg, die L\u00f6sung mittels geeigneter \u00dcbungen und Fragestellungen zu kreieren. Diese werden zu Ihrem speziellen Lebenskontext passend gestaltet und Sie \u00fcben diese ein, so dass bisherige Verhaltensweisen und Haltungen (Muster) gegen neue liebevoll \u00a0eingetauscht werden k\u00f6nnen.<\/p>\n<p style=\"text-align: center;\">\n<p style=\"text-align: center;\"><strong>Die Praxis ist weiterhin ge\u00f6ffnet, die Hygieneanweisungen werden genau beachtet, Videositzungen m\u00f6glich.\u00a0<\/strong><\/p>\n<p style=\"text-align: center;\">\n<p style=\"text-align: center;\"><em>Katja Baumer, 0176-34088619, info@baumer-beratung.de, Praxisr\u00e4ume in Ettlingen und Karlsruhe, Termine auch am Wochenende<\/em><\/p>\n<hr \/>\n\n\t\t<style type=\"text\/css\">\n\t\t\t#gallery-1 {\n\t\t\t\tmargin: auto;\n\t\t\t}\n\t\t\t#gallery-1 .gallery-item {\n\t\t\t\tfloat: left;\n\t\t\t\tmargin-top: 10px;\n\t\t\t\ttext-align: center;\n\t\t\t\twidth: 33%;\n\t\t\t}\n\t\t\t#gallery-1 img {\n\t\t\t\tborder: 2px solid #cfcfcf;\n\t\t\t}\n\t\t\t#gallery-1 .gallery-caption {\n\t\t\t\tmargin-left: 0;\n\t\t\t}\n\t\t\t\/* see gallery_shortcode() in wp-includes\/media.php *\/\n\t\t<\/style>\n\t\t<div id='gallery-1' class='gallery galleryid-2 gallery-columns-3 gallery-size-thumbnail'><dl class='gallery-item'>\n\t\t\t<dt class='gallery-icon portrait'>\n\t\t\t\t<a href='https:\/\/baumer-paarberatung.de\/?attachment_id=282'><img loading=\"lazy\" decoding=\"async\" width=\"150\" height=\"150\" src=\"https:\/\/baumer-paarberatung.de\/wp-content\/uploads\/2014\/11\/P1010199-150x150.jpg\" class=\"attachment-thumbnail size-thumbnail\" alt=\"\" \/><\/a>\n\t\t\t<\/dt><\/dl><dl class='gallery-item'>\n\t\t\t<dt class='gallery-icon portrait'>\n\t\t\t\t<a href='https:\/\/baumer-paarberatung.de\/?attachment_id=278'><img loading=\"lazy\" decoding=\"async\" width=\"150\" height=\"150\" src=\"https:\/\/baumer-paarberatung.de\/wp-content\/uploads\/2014\/11\/Sexbild-150x150.png\" class=\"attachment-thumbnail size-thumbnail\" alt=\"\" \/><\/a>\n\t\t\t<\/dt><\/dl><dl class='gallery-item'>\n\t\t\t<dt class='gallery-icon landscape'>\n\t\t\t\t<a href='https:\/\/baumer-paarberatung.de\/?attachment_id=280'><img loading=\"lazy\" decoding=\"async\" width=\"150\" height=\"150\" src=\"https:\/\/baumer-paarberatung.de\/wp-content\/uploads\/2014\/11\/P1010150-150x150.jpg\" class=\"attachment-thumbnail size-thumbnail\" alt=\"\" \/><\/a>\n\t\t\t<\/dt><\/dl><br style=\"clear: both\" \/>\n\t\t<\/div>\n\n<p style=\"text-align: center;\">\n","protected":false},"excerpt":{"rendered":"<p>\u00a0 \u00a0 \u00a0 \u00a0 \u00a0 \u00a0 \u00a0 \u00a0 \u00a0 \u00a0 \u00a0 \u00a0 \u00a0 \u00a0 \u00a0 \u00a0 \u00a0 \u00a0 \u00a0 \u00a0 \u00a0 \u00a0 Es gibt nichts, was es nicht gibt. Ich hei\u00dfe Sie auf meiner Homepage herzlich Willkommen und freue mich dar\u00fcber, dass Sie den ersten Schritt hin zur L\u00f6sung Ihres Problems bereits getan haben, indem [&hellip;]<\/p>\n","protected":false},"author":2,"featured_media":0,"parent":0,"menu_order":0,"comment_status":"closed","ping_status":"closed","template":"","meta":{"footnotes":""},"class_list":["post-2","page","type-page","status-publish","hentry"],"_links":{"self":[{"href":"https:\/\/baumer-paarberatung.de\/index.php?rest_route=\/wp\/v2\/pages\/2","targetHints":{"allow":["GET"]}}],"collection":[{"href":"https:\/\/baumer-paarberatung.de\/index.php?rest_route=\/wp\/v2\/pages"}],"about":[{"href":"https:\/\/baumer-paarberatung.de\/index.php?rest_route=\/wp\/v2\/types\/page"}],"author":[{"embeddable":true,"href":"https:\/\/baumer-paarberatung.de\/index.php?rest_route=\/wp\/v2\/users\/2"}],"replies":[{"embeddable":true,"href":"https:\/\/baumer-paarberatung.de\/index.php?rest_route=%2Fwp%2Fv2%2Fcomments&post=2"}],"version-history":[{"count":63,"href":"https:\/\/baumer-paarberatung.de\/index.php?rest_route=\/wp\/v2\/pages\/2\/revisions"}],"predecessor-version":[{"id":1053,"href":"https:\/\/baumer-paarberatung.de\/index.php?rest_route=\/wp\/v2\/pages\/2\/revisions\/1053"}],"wp:attachment":[{"href":"https:\/\/baumer-paarberatung.de\/index.php?rest_route=%2Fwp%2Fv2%2Fmedia&parent=2"}],"curies":[{"name":"wp","href":"https:\/\/api.w.org\/{rel}","templated":true}]}}