{"id":252,"date":"2016-11-06T19:42:13","date_gmt":"2016-11-06T19:42:13","guid":{"rendered":"http:\/\/baumer-paarberatung.de\/?page_id=252"},"modified":"2021-01-07T20:33:11","modified_gmt":"2021-01-07T20:33:11","slug":"wie-funktioniert-systemische-therapie","status":"publish","type":"page","link":"https:\/\/baumer-paarberatung.de\/?page_id=252","title":{"rendered":"Wie funktioniert systemische Therapie?"},"content":{"rendered":"<p><strong>Wie &#8222;funktioniert&#8220; \u00a0systemische Therapie?<\/strong><\/p>\n<p>Die systemische Therapie ist eine Therapiemethode, die in relativ kurzer Zeit erfolgreich ist. Dabei ist sie vom Ursprung her gar keine Therapiemethode, sondern mehr eine Philosophie. Mit dem Wort &#8222;Therapie&#8220; ist oft die Vorstellung verbunden, dass jemand (eine \u00c4rztin, ein Psychotherapeut oder ein Heilpraktiker) Menschen heilt. Der Therapeut wird nicht selten als Person wahrgenommen, die \u00fcber Geheimwissen verf\u00fcgt. Patienten oder Kranke begeben sich in die H\u00e4nde des Therapeuten und lassen sich heilen.<\/p>\n<p>Diese Vorstellung hat in der systemischen Therapielandschaft kaum Freunde. Hier wird der Begriff &#8222;Therapie&#8220; eher in seiner urspr\u00fcnglichen Bedeutung gesehen. Das Wort &#8222;Therapie&#8220; kommt aus dem Griechischen (therapeia) und bedeutet &#8222;Dienst&#8220; oder &#8222;Dienstleistung&#8220;. Die systemische Therapeutin hilft denen, die zu ihr kommen, L\u00f6sungen f\u00fcr Probleme zu finden. Diejenigen, die diese Dienstleistung in Anspruch nehmen, &#8222;heilen&#8220; sich selbst oder sie finden selbst die optimale L\u00f6sung f\u00fcr ihre Probleme.<br \/>\nIn der systemischen Therapie lernen die Klientinnen und Klienten, zu Experten ihrer eigenen Probleme und L\u00f6sungen zu werden.<\/p>\n<p><strong>Was geschieht in der Therapiesitzung?<\/strong><\/p>\n<p>Die systemische Therapiesitzung beginnt mit der sogenannten Auftrags- und Zielkl\u00e4rung. Der Therapeut m\u00f6chte wissen, womit er seiner Gespr\u00e4chspartnerin oder seinem Gespr\u00e4chspartner hilfreich sein kann. Wenn m\u00f6glich, werden bereits fr\u00fch m\u00f6gliche Ziele ins Spiel gebracht, damit Therapeut und Klient\/in wissen, wohin die Reise gehen soll.<\/p>\n<p>Die Auftrags- und Zielkl\u00e4rung f\u00fchrt nicht immer punktgenau auf den Weg, der im ersten Gespr\u00e4ch angesteuert wird. Es w\u00e4re nicht im Sinne der systemischen Therapie, vorher festzulegen, was sp\u00e4ter sein wird und soll. Auftrags- und Zielkl\u00e4rung haben in erster Linie den Sinn, Anfangspunkte zu setzen, die eine erste Orientierung erm\u00f6glichen. Was dann geschieht, zeigt sich w\u00e4hrend des Beratungsprozesses. Ein gefl\u00fcgeltes Wort der systemischen Therapie lautet: &#8222;Der Weg entsteht beim Gehen.&#8220;<br \/>\nDie Art der Auftragskl\u00e4rung h\u00e4ngt im Wesentlichen davon ab, mit welchen W\u00fcnschen und Voraussetzungen die Klientinnen und Klienten in die Therapie kommen. Der Therapeut fragt sich zum Beispiel, ob seine Klientinnen und Klienten selbst schon L\u00f6sungsm\u00f6glichkeiten im Blick haben, ob sie vielleicht auf Empfehlung (Arzt, Freund, Frau\/Mann) kommen usw. Oftmals tut es Menschen auch gut, dass Probleme &#8222;nur&#8220; geh\u00f6rt und gew\u00fcrdigt werden, so dass eine vertrauensvolle Zusammenarbeit dadurch wachsen kann.<\/p>\n<p><strong>Struktur<\/strong><\/p>\n<p>Systemische Therapiesitzungen sind klar strukturiert, der Therapeut arbeitet oft l\u00f6sungs- und zielorientiert. Auch hier gibt jedoch der Klient an, was er besprechen m\u00f6chte und R\u00fcckmeldung dar\u00fcber, welche Methoden und Fragen f\u00fcr ihn hilfreich waren.<br \/>\nSystemische Therapeutinnen und Therapeuten verf\u00fcgen \u00fcber eine Vielzahl von Techniken und Methoden. Sie alle haben zum Ziel, mit der Klientin oder dem Klienten neue Wirklichkeitsr\u00e4ume zu \u00f6ffnen. Manche der Techniken sind auf den ersten Blick ungew\u00f6hnlich und vielleicht sogar befremdlich. Die sogenannte &#8222;Paradoxe Intervention&#8220; geh\u00f6rt in diese Kategorie.<\/p>\n<p><strong>Dauer<\/strong><\/p>\n<p>In der Regel nimmt die systemische Therapie nur wenige Sitzungen in Anspruch. Es ist aber durchaus m\u00f6glich, dass sich l\u00e4ngere therapeutische Prozesse entwickeln um z. B. automatisierte Reaktionsmuster so zu ver\u00e4ndern, dass sie f\u00fcr den Klienten eine bessere Alternative wie die &#8222;alten&#8220; darstellen. &#8222;Wunderheilungen&#8220; kann ich nicht versprechen. Meistens wird mit kleinen Schritten begonnen, R\u00fcckf\u00e4lle in alte, gewohnte Muster, sind &#8222;normal&#8220; und zeigen auf, was evtl. nochmals betrachtet werden sollte. Ein Beratungsraum, indem Sicherheit und Vertrauen wachsen kann, hilft, um die eigene Komfortzone verlassen zu k\u00f6nnen. Regelm\u00e4\u00dfige Termine sind wichtig, um neue Impulse in den Alltag einbetten zu k\u00f6nnen.<\/p>\n","protected":false},"excerpt":{"rendered":"<p>Wie &#8222;funktioniert&#8220; \u00a0systemische Therapie? Die systemische Therapie ist eine Therapiemethode, die in relativ kurzer Zeit erfolgreich ist. Dabei ist sie vom Ursprung her gar keine Therapiemethode, sondern mehr eine Philosophie. Mit dem Wort &#8222;Therapie&#8220; ist oft die Vorstellung verbunden, dass jemand (eine \u00c4rztin, ein Psychotherapeut oder ein Heilpraktiker) Menschen heilt. Der Therapeut wird nicht selten [&hellip;]<\/p>\n","protected":false},"author":2,"featured_media":0,"parent":0,"menu_order":0,"comment_status":"closed","ping_status":"open","template":"","meta":{"footnotes":""},"class_list":["post-252","page","type-page","status-publish","hentry"],"_links":{"self":[{"href":"https:\/\/baumer-paarberatung.de\/index.php?rest_route=\/wp\/v2\/pages\/252","targetHints":{"allow":["GET"]}}],"collection":[{"href":"https:\/\/baumer-paarberatung.de\/index.php?rest_route=\/wp\/v2\/pages"}],"about":[{"href":"https:\/\/baumer-paarberatung.de\/index.php?rest_route=\/wp\/v2\/types\/page"}],"author":[{"embeddable":true,"href":"https:\/\/baumer-paarberatung.de\/index.php?rest_route=\/wp\/v2\/users\/2"}],"replies":[{"embeddable":true,"href":"https:\/\/baumer-paarberatung.de\/index.php?rest_route=%2Fwp%2Fv2%2Fcomments&post=252"}],"version-history":[{"count":4,"href":"https:\/\/baumer-paarberatung.de\/index.php?rest_route=\/wp\/v2\/pages\/252\/revisions"}],"predecessor-version":[{"id":997,"href":"https:\/\/baumer-paarberatung.de\/index.php?rest_route=\/wp\/v2\/pages\/252\/revisions\/997"}],"wp:attachment":[{"href":"https:\/\/baumer-paarberatung.de\/index.php?rest_route=%2Fwp%2Fv2%2Fmedia&parent=252"}],"curies":[{"name":"wp","href":"https:\/\/api.w.org\/{rel}","templated":true}]}}