{"id":317,"date":"2018-04-03T18:56:39","date_gmt":"2018-04-03T18:56:39","guid":{"rendered":"http:\/\/baumer-paarberatung.de\/?page_id=317"},"modified":"2020-12-08T13:59:13","modified_gmt":"2020-12-08T13:59:13","slug":"paartherapie-mit-einzelnen-partner","status":"publish","type":"page","link":"https:\/\/baumer-paarberatung.de\/?page_id=317","title":{"rendered":"Einzelberatung"},"content":{"rendered":"\n<p>In Einzelsitzungen k\u00f6nnen Menschen, die <strong>in einer Beziehung<\/strong> leben, und auch <strong>Alleinstehende<\/strong>, Themen kl\u00e4ren und Ver\u00e4nderungsprozesse angehen. <\/p>\n\n\n<p style=\"text-align: justify;\">Falls Ihr Partner oder Ihre Partnerin nicht bereit ist gemeinsam ein Paarberatung aufzusuchen, so kann es sinnvoll und hilfreich sein, sich alleine &#8222;auf den Weg zu machen&#8220;. Auch in Einzelsitzungen k\u00f6nnen <strong>Paardynamiken betrachtet und Ver\u00e4nderungen<\/strong> angeregt werden. In welche Richtung es gehen soll entscheidet dadurch zun\u00e4chst\u00a0der anwesende Partner. Vermutlich bedingen Ver\u00e4nderungen des in der Beratung anwesenden Partners auch Reaktionen des abwesenden. Bewegung in der Beziehung sind oft die Folge.\u00a0Ein Vorteil kann sein, dass Sie zun\u00e4chst alleine Ihre dr\u00e4ngendsten Fragen stellen k\u00f6nnen und so genug Raum f\u00fcr sich haben.\u00a0<br \/>In <strong>Einzelberatungen<\/strong> k\u00f6nnen eigene <strong>Haltungen<\/strong>, <strong>Glaubenss\u00e4tze<\/strong>, <strong>Selbstregulationsmechanismen<\/strong> (auch Traumata), <strong>K\u00f6rperempfindungen<\/strong>, <strong>Lebenssituationen<\/strong> betrachtet und ggf. ver\u00e4ndert werden. Gemeinsam wird besprochen, ob und welche K\u00f6rper\u00fcbungen dazu zu Hause einge\u00fcbt werden sollen.<\/p>\n<p style=\"text-align: justify;\"><strong>Frauen<br \/><\/strong>Im Laufe des Lebens von Frauen kann es, auch bedingt durch biologische Abl\u00e4ufe, Ver\u00e4nderungen geben, in denen die Frage nach der eigenen Identit\u00e4t eine zentrale Rolle einnimmt und mit bestimmten Fragen, Unsicherheiten oder Problemen einhergeht. In Einzelterminen kann eine Klientin\u00a0die gegenw\u00e4rtige Situation betrachten und ihr Selbstbild pr\u00fcfen. Es kann darum gehen, eigene R\u00e4ume zu schaffen, in denen neue Entwicklungsm\u00f6glichkeiten entstehen und gegenw\u00e4rtige Beziehungen neu bzw. ver\u00e4ndert kreiert werden k\u00f6nnen. Themen wie Lust, Freiheit, Sinnlichkeit, Sinn und Erfolg haben darin ihren Platz.<\/p>\n<p style=\"text-align: justify;\">M\u00f6gliche Fragestellungen und Themen:<br \/>Was bedeutet es f\u00fcr mich, Frau zu sein?<br \/>Wie kann ich eine gute Beziehung zu mir selbst aufbauen?<br \/>Wie kann ich Zugang zu meinem Frausein finden?<br \/>Was sind meine Bilder vom Frausein? Und wenn ich keine habe, wie kann ich Zugang zu diesen bekommen?<br \/>Welchen Stellenwert m\u00f6chte ich meinem Frausein in welcher Form einr\u00e4umen?<br \/>Wie kann ich mehr Lust sp\u00fcren lernen?<br \/>Wie kann ich selbstbestimmt mit meiner Lust umgehen?<br \/>Wie setze ich Grenzen, wie setze ich mich durch?<\/p>\n<p style=\"text-align: justify;\"><strong>M\u00e4nner<\/strong><br \/>Bei einem Bier unter M\u00e4nnern gibt es M\u00f6glichkeiten private Themen anzusprechen. Doch wie ehrlich und hilfreich ist diese Kommunikation manchmal? Haben alle Ratschl\u00e4ge nicht geholfen? W\u00e4re es von Interesse Ihr Leben aus anderen Perspektiven zu betrachten? Was machen Sie mit Ihrer M\u00fcdigkeit, Lustlosigkeit und Ihrem Desinteresse, wenn Sie wieder zu lange gearbeitet haben?<br \/>Welche Mythen und Vorbilder haben Sie dabei in Ihrem Kopf und welche Stimme &#8222;macht&#8220; dabei Druck um oft Erfolg zu haben- egal wo und wann?<br \/>Was geschieht mit Ihnen, wenn Sie vom Seitensprung Ihrer Partnerin erfahren- zerm\u00fcrbt Sie Ihre Wut und Ihre Beziehung auch?<br \/>Eventuell haben Sie Interesse eine neue Beziehungsebene zu kreieren und alte Muster in Frage zu stellen.<br \/>Umgang mit Trauer, Einsamkeit und Druck im Privatleben und Berufsalltag.<\/p>","protected":false},"excerpt":{"rendered":"<p>In Einzelsitzungen k\u00f6nnen Menschen, die in einer Beziehung leben, und auch Alleinstehende, Themen kl\u00e4ren und Ver\u00e4nderungsprozesse angehen. Falls Ihr Partner oder Ihre Partnerin nicht bereit ist gemeinsam ein Paarberatung aufzusuchen, so kann es sinnvoll und hilfreich sein, sich alleine &#8222;auf den Weg zu machen&#8220;. Auch in Einzelsitzungen k\u00f6nnen Paardynamiken betrachtet und Ver\u00e4nderungen angeregt werden. In [&hellip;]<\/p>\n","protected":false},"author":2,"featured_media":0,"parent":0,"menu_order":0,"comment_status":"closed","ping_status":"open","template":"","meta":{"footnotes":""},"class_list":["post-317","page","type-page","status-publish","hentry"],"_links":{"self":[{"href":"https:\/\/baumer-paarberatung.de\/index.php?rest_route=\/wp\/v2\/pages\/317","targetHints":{"allow":["GET"]}}],"collection":[{"href":"https:\/\/baumer-paarberatung.de\/index.php?rest_route=\/wp\/v2\/pages"}],"about":[{"href":"https:\/\/baumer-paarberatung.de\/index.php?rest_route=\/wp\/v2\/types\/page"}],"author":[{"embeddable":true,"href":"https:\/\/baumer-paarberatung.de\/index.php?rest_route=\/wp\/v2\/users\/2"}],"replies":[{"embeddable":true,"href":"https:\/\/baumer-paarberatung.de\/index.php?rest_route=%2Fwp%2Fv2%2Fcomments&post=317"}],"version-history":[{"count":12,"href":"https:\/\/baumer-paarberatung.de\/index.php?rest_route=\/wp\/v2\/pages\/317\/revisions"}],"predecessor-version":[{"id":948,"href":"https:\/\/baumer-paarberatung.de\/index.php?rest_route=\/wp\/v2\/pages\/317\/revisions\/948"}],"wp:attachment":[{"href":"https:\/\/baumer-paarberatung.de\/index.php?rest_route=%2Fwp%2Fv2%2Fmedia&parent=317"}],"curies":[{"name":"wp","href":"https:\/\/api.w.org\/{rel}","templated":true}]}}