{"id":322,"date":"2018-04-05T15:08:03","date_gmt":"2018-04-05T15:08:03","guid":{"rendered":"http:\/\/baumer-paarberatung.de\/?page_id=322"},"modified":"2019-11-22T09:57:41","modified_gmt":"2019-11-22T09:57:41","slug":"ablauf","status":"publish","type":"page","link":"https:\/\/baumer-paarberatung.de\/?page_id=322","title":{"rendered":"Ablauf"},"content":{"rendered":"<p style=\"text-align: justify;\">F\u00fcr viele Paare ist es das erste Mal, dass sie zu einer Beratung gehen.<br \/>\nUnsicherheiten begleiten diesen Schritt oftmals; die Paare fragen sich, was sie wohl erwarten wird.<br \/>\nIn einer Paarberatung\/-therapie richte ich mich nach <strong>Ihren Anliegen und W\u00fcnschen<\/strong>, die Sie einbringen. Diese brauchen Sie nicht konkret formulieren zu k\u00f6nnen. Meine Aufgabe ist es, Sie zu unterst\u00fctzen, <strong>Ihre Bed\u00fcrfnisse, Themen und Entwicklungswege<\/strong>\u00a0erkennen und benennen\u00a0zu k\u00f6nnen. Im ersten Gespr\u00e4ch werde ich daher viele Fragen stellen, die Sie leiten k\u00f6nnen um <strong>Klarheit<\/strong> f\u00fcr m\u00f6gliche Folgesitzungen zu bekommen.<\/p>\n<p style=\"text-align: justify;\"><strong>Beide Partner kommen gleicherma\u00dfen zu Wort und es erfolgt von mir keine Bewertung der jeweiligen Bed\u00fcrfnisse. Wichtig ist es mir, dass Sie sich beide wohl und gew\u00fcrdigt f\u00fchlen.<br \/>\n<\/strong>Wir Berater und Therapeuten haben spezielle Aus- und Fortbildungen, jedoch (noch) keine &#8222;Zauberst\u00e4be&#8220; um Dinge direkt zu ver\u00e4ndern, d. h. \u00a0die Probleme der Paare alleine zu l\u00f6sen, obwohl viele Ratsuchende sich das w\u00fcnschen. Die L\u00f6sung von Paarproblemen ist und bleibt Sache der Paare. Die Kunst der Beratenden liegt darin, mit den Paaren zusammen nach Ver\u00e4nderungsm\u00f6glichkeiten zu suchen. Ge\u00fcbte und erfahrene Beraterinnen und Beratern sind sensibel daf\u00fcr, L\u00f6sungs- und Suchprozesse geschickt zu moderieren und zu begleiten.<\/p>\n<p>Die Dauer f\u00fcr eine Paar- oder Eheberatung ist sehr individuell.<br \/>\nManche Paare ben\u00f6tigen ein paar <strong>Impulse <\/strong>in ein oder zwei Terminen. F\u00fcr andere Themen ist eine <strong>l\u00e4ngerfristige Begleitung<\/strong>sinnvoll. Und einige Paare kommen von Zeit zu Zeit wieder, um in neuen Lebensabschnitten neuen Herausforderungen zu begegnen.<\/p>\n<p style=\"text-align: justify;\"><strong>\u00a0<\/strong><\/p>\n","protected":false},"excerpt":{"rendered":"<p>F\u00fcr viele Paare ist es das erste Mal, dass sie zu einer Beratung gehen. Unsicherheiten begleiten diesen Schritt oftmals; die Paare fragen sich, was sie wohl erwarten wird. In einer Paarberatung\/-therapie richte ich mich nach Ihren Anliegen und W\u00fcnschen, die Sie einbringen. Diese brauchen Sie nicht konkret formulieren zu k\u00f6nnen. Meine Aufgabe ist es, Sie [&hellip;]<\/p>\n","protected":false},"author":2,"featured_media":0,"parent":0,"menu_order":0,"comment_status":"closed","ping_status":"open","template":"","meta":{"footnotes":""},"class_list":["post-322","page","type-page","status-publish","hentry"],"_links":{"self":[{"href":"https:\/\/baumer-paarberatung.de\/index.php?rest_route=\/wp\/v2\/pages\/322","targetHints":{"allow":["GET"]}}],"collection":[{"href":"https:\/\/baumer-paarberatung.de\/index.php?rest_route=\/wp\/v2\/pages"}],"about":[{"href":"https:\/\/baumer-paarberatung.de\/index.php?rest_route=\/wp\/v2\/types\/page"}],"author":[{"embeddable":true,"href":"https:\/\/baumer-paarberatung.de\/index.php?rest_route=\/wp\/v2\/users\/2"}],"replies":[{"embeddable":true,"href":"https:\/\/baumer-paarberatung.de\/index.php?rest_route=%2Fwp%2Fv2%2Fcomments&post=322"}],"version-history":[{"count":3,"href":"https:\/\/baumer-paarberatung.de\/index.php?rest_route=\/wp\/v2\/pages\/322\/revisions"}],"predecessor-version":[{"id":608,"href":"https:\/\/baumer-paarberatung.de\/index.php?rest_route=\/wp\/v2\/pages\/322\/revisions\/608"}],"wp:attachment":[{"href":"https:\/\/baumer-paarberatung.de\/index.php?rest_route=%2Fwp%2Fv2%2Fmedia&parent=322"}],"curies":[{"name":"wp","href":"https:\/\/api.w.org\/{rel}","templated":true}]}}