{"id":362,"date":"2018-09-22T15:27:35","date_gmt":"2018-09-22T15:27:35","guid":{"rendered":"http:\/\/baumer-paarberatung.de\/?page_id=362"},"modified":"2019-11-18T19:41:04","modified_gmt":"2019-11-18T19:41:04","slug":"depressionen","status":"publish","type":"page","link":"https:\/\/baumer-paarberatung.de\/?page_id=362","title":{"rendered":"Depressionen"},"content":{"rendered":"<p style=\"text-align: justify;\">Eine Depression ver\u00e4ndert eine Partnerschaft, da sich mindestens ein Partner anders verh\u00e4lt\u00a0wie zuvor. Oftmals versucht dann der &#8222;gesunde&#8220; Partner dem anderen Halt zu geben, Ziele zu setzen und andere\u00a0Unterst\u00fctzungsm\u00f6glichkeiten zu bieten. Dies kann gelingen. Leider reicht es jedoch auch manchmal nicht aus und die Partnerschaft bzw. der <strong>nicht betroffene Partner leidet verst\u00e4rkt<\/strong> mit. Der Partner des depressiven sitzt insofern in der &#8222;Falle&#8220;, dass er einerseits den anderen nicht retten kann und andererseits jedoch nicht selbst in ein &#8222;Minusgesch\u00e4ft&#8220; mit Sorgen und Traurigkeit rutschen m\u00f6chte. Seine Hilfen bleiben oft wirkungslos und er f\u00fchlt sich unf\u00e4hig etwas zu \u00e4ndern. Zieht sich der &#8222;gesunde&#8220; Partner zur\u00fcck oder\/und versucht er, in seinem Leben an anderen Stellen Freude und Freunde zu finden, so erh\u00e4lt er evtl. Vorw\u00fcrfe, nicht ausreichend da zu sein. Manchmal scheint dann eine Trennung der einzige Ausweg zu sein, um aus diesen sich wiederholenden Mustern zu &#8222;entkommen&#8220;.<br \/>In meiner Beratung gibt es die M\u00f6glichkeit, diese sich <strong>wiederholenden Abl\u00e4ufe<\/strong> zwischen Partnern zu betrachten (Muster) und ggf. <strong>\u00c4nderungen<\/strong> vorzunehmen, die st\u00e4rkend und Zuversicht gebend sind- f\u00fcr beide Partner. Hierbei kann es ein Ziel sein, dass jeder die Verantwortung f\u00fcr seine Gedanken und Handlungen \u00fcbernimmt, und so ein <strong>individueller<\/strong> wie auch ein <strong>Paarraum<\/strong> erhalten bleiben kann.<br \/><br \/><br \/><\/p>\n\n\n<div class=\"wp-block-image\"><figure class=\"aligncenter size-large is-resized\"><img loading=\"lazy\" decoding=\"async\" src=\"http:\/\/baumer-paarberatung.de\/wp-content\/uploads\/2019\/11\/neubeginn.jpg\" alt=\"\" class=\"wp-image-562\" width=\"517\" height=\"294\" srcset=\"https:\/\/baumer-paarberatung.de\/wp-content\/uploads\/2019\/11\/neubeginn.jpg 842w, https:\/\/baumer-paarberatung.de\/wp-content\/uploads\/2019\/11\/neubeginn-300x171.jpg 300w, https:\/\/baumer-paarberatung.de\/wp-content\/uploads\/2019\/11\/neubeginn-768x438.jpg 768w, https:\/\/baumer-paarberatung.de\/wp-content\/uploads\/2019\/11\/neubeginn-624x356.jpg 624w\" sizes=\"auto, (max-width: 517px) 100vw, 517px\" \/><\/figure><\/div>\n","protected":false},"excerpt":{"rendered":"<p>Eine Depression ver\u00e4ndert eine Partnerschaft, da sich mindestens ein Partner anders verh\u00e4lt\u00a0wie zuvor. Oftmals versucht dann der &#8222;gesunde&#8220; Partner dem anderen Halt zu geben, Ziele zu setzen und andere\u00a0Unterst\u00fctzungsm\u00f6glichkeiten zu bieten. Dies kann gelingen. Leider reicht es jedoch auch manchmal nicht aus und die Partnerschaft bzw. der nicht betroffene Partner leidet verst\u00e4rkt mit. Der Partner [&hellip;]<\/p>\n","protected":false},"author":2,"featured_media":0,"parent":0,"menu_order":0,"comment_status":"closed","ping_status":"open","template":"","meta":{"footnotes":""},"class_list":["post-362","page","type-page","status-publish","hentry"],"_links":{"self":[{"href":"https:\/\/baumer-paarberatung.de\/index.php?rest_route=\/wp\/v2\/pages\/362","targetHints":{"allow":["GET"]}}],"collection":[{"href":"https:\/\/baumer-paarberatung.de\/index.php?rest_route=\/wp\/v2\/pages"}],"about":[{"href":"https:\/\/baumer-paarberatung.de\/index.php?rest_route=\/wp\/v2\/types\/page"}],"author":[{"embeddable":true,"href":"https:\/\/baumer-paarberatung.de\/index.php?rest_route=\/wp\/v2\/users\/2"}],"replies":[{"embeddable":true,"href":"https:\/\/baumer-paarberatung.de\/index.php?rest_route=%2Fwp%2Fv2%2Fcomments&post=362"}],"version-history":[{"count":6,"href":"https:\/\/baumer-paarberatung.de\/index.php?rest_route=\/wp\/v2\/pages\/362\/revisions"}],"predecessor-version":[{"id":563,"href":"https:\/\/baumer-paarberatung.de\/index.php?rest_route=\/wp\/v2\/pages\/362\/revisions\/563"}],"wp:attachment":[{"href":"https:\/\/baumer-paarberatung.de\/index.php?rest_route=%2Fwp%2Fv2%2Fmedia&parent=362"}],"curies":[{"name":"wp","href":"https:\/\/api.w.org\/{rel}","templated":true}]}}