{"id":371,"date":"2018-09-28T15:59:57","date_gmt":"2018-09-28T15:59:57","guid":{"rendered":"http:\/\/baumer-paarberatung.de\/?page_id=371"},"modified":"2019-11-18T18:00:36","modified_gmt":"2019-11-18T18:00:36","slug":"versoehnung","status":"publish","type":"page","link":"https:\/\/baumer-paarberatung.de\/?page_id=371","title":{"rendered":"Vers\u00f6hnung"},"content":{"rendered":"<p style=\"text-align: justify;\">Im Verlauf von Beziehungen sammeln sich kleinere und gr\u00f6\u00dfere Verletzungen an, die oft&nbsp;nicht&nbsp;zufriedenstellend &#8222;aufgel\u00f6st&#8220; werden. Dadurch eskalieren Situationen immer wieder und ein aktueller Konflikt wird von Ereignissen aus der Vergangenheit &#8222;\u00fcberschattet&#8220;. Eine L\u00f6sung ist dann kaum m\u00f6glich, da die Konfliktebenen sich \u00fcberlagern bzw. vermischen. Dies kann zu negativen Kommunikationsmustern, Entt\u00e4uschungen, innerlicher Distanzierung und Verbitterung f\u00fchren. Die Aufarbeitung dieser Verletzungen und die Herstellung von Vers\u00f6h<span style=\"font-size: 1rem;\">nungsprozessen, in denen neue konstruktive Kommunikationsmuster entstehen, kann durch Beratung angeleitet werden.<\/span><\/p>\n<p><strong>m\u00f6gliche&nbsp;Gesichtspunkte:<\/strong><\/p>\n<ul>\n<li>Regeln f\u00fcr Gespr\u00e4che<br>\nStopp-Hilfen<br>\nW\u00fcnsche formulieren<br>\nPerspektivenwechsel erm\u00f6glichen<br>\nTeufelskreise beobachten<br>\nDifferenzierungen zulassen<br>\nindividueller Raum und Paarraum<br>\nVereinbarungen treffen<br>\n&#8222;R\u00fcckf\u00e4lle&#8220; erlauben und damit umgehen<\/li>\n<\/ul>\n\n\n<div class=\"wp-block-image\"><figure class=\"aligncenter size-large is-resized\"><img loading=\"lazy\" decoding=\"async\" src=\"http:\/\/baumer-paarberatung.de\/wp-content\/uploads\/2019\/11\/RomantikLIebe.jpg\" alt=\"\" class=\"wp-image-512\" width=\"466\" height=\"311\" srcset=\"https:\/\/baumer-paarberatung.de\/wp-content\/uploads\/2019\/11\/RomantikLIebe.jpg 720w, https:\/\/baumer-paarberatung.de\/wp-content\/uploads\/2019\/11\/RomantikLIebe-300x200.jpg 300w, https:\/\/baumer-paarberatung.de\/wp-content\/uploads\/2019\/11\/RomantikLIebe-624x416.jpg 624w\" sizes=\"auto, (max-width: 466px) 100vw, 466px\" \/><\/figure><\/div>\n","protected":false},"excerpt":{"rendered":"<p>Im Verlauf von Beziehungen sammeln sich kleinere und gr\u00f6\u00dfere Verletzungen an, die oft&nbsp;nicht&nbsp;zufriedenstellend &#8222;aufgel\u00f6st&#8220; werden. Dadurch eskalieren Situationen immer wieder und ein aktueller Konflikt wird von Ereignissen aus der Vergangenheit &#8222;\u00fcberschattet&#8220;. Eine L\u00f6sung ist dann kaum m\u00f6glich, da die Konfliktebenen sich \u00fcberlagern bzw. vermischen. Dies kann zu negativen Kommunikationsmustern, Entt\u00e4uschungen, innerlicher Distanzierung und Verbitterung f\u00fchren. [&hellip;]<\/p>\n","protected":false},"author":2,"featured_media":0,"parent":0,"menu_order":0,"comment_status":"closed","ping_status":"open","template":"","meta":{"footnotes":""},"class_list":["post-371","page","type-page","status-publish","hentry"],"_links":{"self":[{"href":"https:\/\/baumer-paarberatung.de\/index.php?rest_route=\/wp\/v2\/pages\/371","targetHints":{"allow":["GET"]}}],"collection":[{"href":"https:\/\/baumer-paarberatung.de\/index.php?rest_route=\/wp\/v2\/pages"}],"about":[{"href":"https:\/\/baumer-paarberatung.de\/index.php?rest_route=\/wp\/v2\/types\/page"}],"author":[{"embeddable":true,"href":"https:\/\/baumer-paarberatung.de\/index.php?rest_route=\/wp\/v2\/users\/2"}],"replies":[{"embeddable":true,"href":"https:\/\/baumer-paarberatung.de\/index.php?rest_route=%2Fwp%2Fv2%2Fcomments&post=371"}],"version-history":[{"count":6,"href":"https:\/\/baumer-paarberatung.de\/index.php?rest_route=\/wp\/v2\/pages\/371\/revisions"}],"predecessor-version":[{"id":536,"href":"https:\/\/baumer-paarberatung.de\/index.php?rest_route=\/wp\/v2\/pages\/371\/revisions\/536"}],"wp:attachment":[{"href":"https:\/\/baumer-paarberatung.de\/index.php?rest_route=%2Fwp%2Fv2%2Fmedia&parent=371"}],"curies":[{"name":"wp","href":"https:\/\/api.w.org\/{rel}","templated":true}]}}