{"id":378,"date":"2018-10-04T19:21:47","date_gmt":"2018-10-04T19:21:47","guid":{"rendered":"http:\/\/baumer-paarberatung.de\/?page_id=378"},"modified":"2021-02-03T07:58:56","modified_gmt":"2021-02-03T07:58:56","slug":"naehe-und-distanz","status":"publish","type":"page","link":"https:\/\/baumer-paarberatung.de\/?page_id=378","title":{"rendered":"N\u00e4he und Distanz"},"content":{"rendered":"<p style=\"text-align: justify;\">In Partnerschaften stellt <strong>Verl\u00e4sslichkeit<\/strong> eine <strong>Ressource<\/strong> dar, die im Alltag von Paaren Stabilit\u00e4t und Ruhe bietet. Leider f\u00fchrt dieses Streben nach N\u00e4he, die daraus entsteht, auch oftmals in die erotische <strong>Langeweile<\/strong>. Vorg\u00e4nge, Bewegungen, Bed\u00fcrfnisse und Ger\u00fcche sind bekannt, wie soll da nach einigen Jahren noch erregende Sexualit\u00e4t aufflammen? Manchmal beschlie\u00dft dann das Paar mehr oder weniger einvernehmlich, dass Sex keine gro\u00dfe Rolle mehr in der Beziehung spiele. Ein Auswege daraus kann sich in einer Aff\u00e4re zeigen oder in Streitigkeiten, in denen es oberfl\u00e4chig um andere Dinge geht, als darum, dass mindestens ein Partner Sexualit\u00e4t vermisst oder diese \u00e4ndern m\u00f6chte.<br \/>In der Beratung kann das Thema \u201eN\u00e4he und Distanz\u201c angesprochen werden. Wer m\u00f6chte wie viel und auf welche Weise davon? Wie k\u00f6nnte das kreiert werden? Ist es in der Partnerschaft \u201eerlaubt\u201c einen <strong>individuellen Raum<\/strong> einzunehmen ohne dass der Andere sich dadurch bedroht f\u00fchlt? Wird dabei \u00fcber sexuelles Begehren gesprochen oder ist dies ein Tabuthema? Welche <strong>Entwicklungsm\u00f6glichkeiten<\/strong> m\u00f6chten wir uns als Paar er\u00f6ffnen ohne uns evtl. zu verlieren? Bedingt eine Beratung auch gleichzeitig Risiken f\u00fcr die Partnerschaft und wie geht das Paar damit um? Welche M\u00f6glichkeiten m\u00f6chte wir als Paar wahrnehmen um unsere Sexualit\u00e4t zu betrachten und ggf. neu zu kreieren, so dass sexuelle Differenzen der Partner \u201esein d\u00fcrfen\u201c?<\/p>\n<p>Bitte beachten Sie auch den Unterpunkt &#8222;<strong>Grenzen<\/strong>&#8220; dazu.<\/p>\n\n\n<figure class=\"wp-block-gallery columns-2 is-cropped wp-block-gallery-1 is-layout-flex wp-block-gallery-is-layout-flex\"><ul class=\"blocks-gallery-grid\"><li class=\"blocks-gallery-item\"><figure><img loading=\"lazy\" decoding=\"async\" width=\"724\" height=\"480\" src=\"http:\/\/baumer-paarberatung.de\/wp-content\/uploads\/2019\/11\/kommunikationsprobleme.jpg\" alt=\"\" data-id=\"526\" data-link=\"http:\/\/baumer-paarberatung.de\/?attachment_id=526\" class=\"wp-image-526\" srcset=\"https:\/\/baumer-paarberatung.de\/wp-content\/uploads\/2019\/11\/kommunikationsprobleme.jpg 724w, https:\/\/baumer-paarberatung.de\/wp-content\/uploads\/2019\/11\/kommunikationsprobleme-300x199.jpg 300w, https:\/\/baumer-paarberatung.de\/wp-content\/uploads\/2019\/11\/kommunikationsprobleme-624x414.jpg 624w\" sizes=\"auto, (max-width: 724px) 100vw, 724px\" \/><\/figure><\/li><li class=\"blocks-gallery-item\"><figure><img loading=\"lazy\" decoding=\"async\" width=\"720\" height=\"480\" src=\"http:\/\/baumer-paarberatung.de\/wp-content\/uploads\/2019\/11\/RomantikLIebe-1.jpg\" alt=\"\" data-id=\"527\" data-full-url=\"http:\/\/baumer-paarberatung.de\/wp-content\/uploads\/2019\/11\/RomantikLIebe-1.jpg\" data-link=\"http:\/\/baumer-paarberatung.de\/?attachment_id=527\" class=\"wp-image-527\" srcset=\"https:\/\/baumer-paarberatung.de\/wp-content\/uploads\/2019\/11\/RomantikLIebe-1.jpg 720w, https:\/\/baumer-paarberatung.de\/wp-content\/uploads\/2019\/11\/RomantikLIebe-1-300x200.jpg 300w, https:\/\/baumer-paarberatung.de\/wp-content\/uploads\/2019\/11\/RomantikLIebe-1-624x416.jpg 624w\" sizes=\"auto, (max-width: 720px) 100vw, 720px\" \/><\/figure><\/li><\/ul><\/figure>\n","protected":false},"excerpt":{"rendered":"<p>In Partnerschaften stellt Verl\u00e4sslichkeit eine Ressource dar, die im Alltag von Paaren Stabilit\u00e4t und Ruhe bietet. Leider f\u00fchrt dieses Streben nach N\u00e4he, die daraus entsteht, auch oftmals in die erotische Langeweile. Vorg\u00e4nge, Bewegungen, Bed\u00fcrfnisse und Ger\u00fcche sind bekannt, wie soll da nach einigen Jahren noch erregende Sexualit\u00e4t aufflammen? Manchmal beschlie\u00dft dann das Paar mehr oder [&hellip;]<\/p>\n","protected":false},"author":2,"featured_media":0,"parent":0,"menu_order":0,"comment_status":"closed","ping_status":"open","template":"","meta":{"footnotes":""},"class_list":["post-378","page","type-page","status-publish","hentry"],"_links":{"self":[{"href":"https:\/\/baumer-paarberatung.de\/index.php?rest_route=\/wp\/v2\/pages\/378","targetHints":{"allow":["GET"]}}],"collection":[{"href":"https:\/\/baumer-paarberatung.de\/index.php?rest_route=\/wp\/v2\/pages"}],"about":[{"href":"https:\/\/baumer-paarberatung.de\/index.php?rest_route=\/wp\/v2\/types\/page"}],"author":[{"embeddable":true,"href":"https:\/\/baumer-paarberatung.de\/index.php?rest_route=\/wp\/v2\/users\/2"}],"replies":[{"embeddable":true,"href":"https:\/\/baumer-paarberatung.de\/index.php?rest_route=%2Fwp%2Fv2%2Fcomments&post=378"}],"version-history":[{"count":5,"href":"https:\/\/baumer-paarberatung.de\/index.php?rest_route=\/wp\/v2\/pages\/378\/revisions"}],"predecessor-version":[{"id":1025,"href":"https:\/\/baumer-paarberatung.de\/index.php?rest_route=\/wp\/v2\/pages\/378\/revisions\/1025"}],"wp:attachment":[{"href":"https:\/\/baumer-paarberatung.de\/index.php?rest_route=%2Fwp%2Fv2%2Fmedia&parent=378"}],"curies":[{"name":"wp","href":"https:\/\/api.w.org\/{rel}","templated":true}]}}