{"id":418,"date":"2019-03-07T17:53:52","date_gmt":"2019-03-07T17:53:52","guid":{"rendered":"http:\/\/baumer-paarberatung.de\/?page_id=418"},"modified":"2019-11-19T13:16:36","modified_gmt":"2019-11-19T13:16:36","slug":"affaeren","status":"publish","type":"page","link":"https:\/\/baumer-paarberatung.de\/?page_id=418","title":{"rendered":"Aff\u00e4ren"},"content":{"rendered":"<p style=\"text-align: justify;\">Eine Aff\u00e4re kann der &#8222;Supergau&#8220; f\u00fcr eine Beziehung darstellen. Verzweiflung, Trauer, Wut und Selbsthass pr\u00e4gen oftmals solche Zeiten.<br \/>Da statistisch gesehen 75-90 Prozent mindestens 1 Mal in einer festen Beziehung fremd gehen, kann dieses Thema &#8222;leider&#8220; (?) viele Partnerschaften treffen. &#8222;Getroffen&#8220; und geschockt sind \u00a0vor allem die unwissenden &#8222;Opfer&#8220; &#8211; oder auch die untreuen Partner? Und was soll nun geschehen? Ist die Beziehung noch zu retten, was geschieht mit den Vorw\u00fcrfen, dem Misstrauen und auch evtl. Schuldgef\u00fchlen? Oftmals wird auch durch Biografiearbeit versucht, den Ursachen auf den Grund zu gehen.<\/p>\n<p>Meistens haben Paarberatungen folgende Zielbestimmungen:<br \/>1. Stabilisierung des Chaos<br \/>2. Interessen abkl\u00e4ren<br \/>3. Neuanfang<\/p>\n<p style=\"text-align: justify;\">Beim Neuanfang sind die Begriffe <strong>&#8222;Vertrauen&#8220;<\/strong> und <strong>&#8222;Ausgleich\/Schuld&#8220;<\/strong> oftmals im Mittelpunkt. Kontrollversuche bzw. -vereinbarungen mit dem &#8222;T\u00e4ter&#8220; werden als Hilfsma\u00dfnahmen eingeleitet, was dazu f\u00fchren kann, dass Macht- und Kontrollstrategien in den Vordergrund r\u00fccken und zu Automatismen f\u00fchren k\u00f6nnen, die das Entstehen einer wie immer auch neu konstruierten erf\u00fcllenden Liebes- und Paarbeziehung verhindern k\u00f6nnen.<br \/>Was folgt nach der Aff\u00e4re? Welche Partnerschaft wollen wir wie nun attraktiv gestalten? Wer \u00fcbernimmt welche Verantwortung f\u00fcr welche Gef\u00fchle? Wie gestalten wir Individual- und Paarr\u00e4ume?<br \/>Solche Fragen erm\u00f6glichen es, eine Partnerschaft neu und hoffentlich auch erf\u00fcllender zu kreieren. <strong>Zeit, Mut und Verzeihen<\/strong> geh\u00f6ren oft dazu.<br \/>Der Sexualtherapeut David Schnarch spricht von &#8222;Differenzierungen&#8220;, wenn gleichzeitig Bed\u00fcrfnisse nach Individualit\u00e4t und nach N\u00e4he und Sicherheit gelebt werden k\u00f6nnen. Eine Aff\u00e4re kann die Chance bieten, diese Differenzierung zwischen Partnern zu arrangieren, so dass eine neue Form der Partnerschaft m\u00f6glich wird. Somit bietet sich nach einiger Zeit evtl. die Perspektive, dass der &#8222;Supergau&#8220; zu einem <strong>Neuanfang<\/strong> verholfen hat.<\/p>\n<p>\u00a0<\/p>\n\n\n<div class=\"wp-block-image\"><figure class=\"aligncenter size-large is-resized\"><img loading=\"lazy\" decoding=\"async\" src=\"http:\/\/baumer-paarberatung.de\/wp-content\/uploads\/2019\/11\/Vers\u00f6hnung1-1.jpg\" alt=\"\" class=\"wp-image-551\" width=\"565\" height=\"376\" srcset=\"https:\/\/baumer-paarberatung.de\/wp-content\/uploads\/2019\/11\/Vers\u00f6hnung1-1.jpg 719w, https:\/\/baumer-paarberatung.de\/wp-content\/uploads\/2019\/11\/Vers\u00f6hnung1-1-300x200.jpg 300w\" sizes=\"auto, (max-width: 565px) 100vw, 565px\" \/><\/figure><\/div>\n\n\n\n<figure class=\"wp-block-gallery aligncenter columns-0 is-cropped wp-block-gallery-1 is-layout-flex wp-block-gallery-is-layout-flex\"><ul class=\"blocks-gallery-grid\"><\/ul><\/figure>\n","protected":false},"excerpt":{"rendered":"<p>Eine Aff\u00e4re kann der &#8222;Supergau&#8220; f\u00fcr eine Beziehung darstellen. Verzweiflung, Trauer, Wut und Selbsthass pr\u00e4gen oftmals solche Zeiten.Da statistisch gesehen 75-90 Prozent mindestens 1 Mal in einer festen Beziehung fremd gehen, kann dieses Thema &#8222;leider&#8220; (?) viele Partnerschaften treffen. &#8222;Getroffen&#8220; und geschockt sind \u00a0vor allem die unwissenden &#8222;Opfer&#8220; &#8211; oder auch die untreuen Partner? Und [&hellip;]<\/p>\n","protected":false},"author":2,"featured_media":0,"parent":0,"menu_order":0,"comment_status":"closed","ping_status":"open","template":"","meta":{"footnotes":""},"class_list":["post-418","page","type-page","status-publish","hentry"],"_links":{"self":[{"href":"https:\/\/baumer-paarberatung.de\/index.php?rest_route=\/wp\/v2\/pages\/418","targetHints":{"allow":["GET"]}}],"collection":[{"href":"https:\/\/baumer-paarberatung.de\/index.php?rest_route=\/wp\/v2\/pages"}],"about":[{"href":"https:\/\/baumer-paarberatung.de\/index.php?rest_route=\/wp\/v2\/types\/page"}],"author":[{"embeddable":true,"href":"https:\/\/baumer-paarberatung.de\/index.php?rest_route=\/wp\/v2\/users\/2"}],"replies":[{"embeddable":true,"href":"https:\/\/baumer-paarberatung.de\/index.php?rest_route=%2Fwp%2Fv2%2Fcomments&post=418"}],"version-history":[{"count":14,"href":"https:\/\/baumer-paarberatung.de\/index.php?rest_route=\/wp\/v2\/pages\/418\/revisions"}],"predecessor-version":[{"id":591,"href":"https:\/\/baumer-paarberatung.de\/index.php?rest_route=\/wp\/v2\/pages\/418\/revisions\/591"}],"wp:attachment":[{"href":"https:\/\/baumer-paarberatung.de\/index.php?rest_route=%2Fwp%2Fv2%2Fmedia&parent=418"}],"curies":[{"name":"wp","href":"https:\/\/api.w.org\/{rel}","templated":true}]}}