{"id":436,"date":"2019-11-09T11:07:57","date_gmt":"2019-11-09T11:07:57","guid":{"rendered":"http:\/\/baumer-paarberatung.de\/?page_id=436"},"modified":"2021-02-03T08:00:50","modified_gmt":"2021-02-03T08:00:50","slug":"traumata","status":"publish","type":"page","link":"https:\/\/baumer-paarberatung.de\/?page_id=436","title":{"rendered":"Traumamuster und Paare"},"content":{"rendered":"<header class=\"entry-header\">\n<h1 class=\"entry-title\">\u00a0<\/h1>\n<\/header>\n<div class=\"entry-content\">\n<p>Paare, die in der Kindheit traumatische Erfahrungen, z. B. durch ihre eigenen (traumatisierten) Eltern erfahren haben, leben diese Beziehungsmuster oft in der Partnerschaft weiter. Heftige, wenig hilfreiche Streits pr\u00e4gen diese Beziehungen oftmals. In Anlehnung an das<span style=\"color: #008080;\"> <a style=\"color: #008080;\" href=\"https:\/\/www.aufwindinstitut.com\"><strong>\u201eTraumhaus\u201c- Beziehungskonzept von Dr. Katharina Klees<\/strong> <\/a><\/span>arbeite ich mit diesen Paaren Streitmuster, dahinter liegende Emotionen und neue Wege des Umgangs damit heraus. Dadurch k\u00f6nnen alte Beziehungswunden und Streitmuster geheilt und ver\u00e4ndert werden, so dass Liebe, Harmonie und Eigenverantwortung im Zentrum stehen.<br \/>Folgende Schritte pr\u00e4gen die Arbeit mit diesen Paaren:<br \/>&#8211; Anfertigung einer Streit-Skizze &#8211; Automatismen erkennen<br \/>&#8211; Ausstieg aus dem Streit, Selbstregulation, Orientierung<br \/>&#8211; Emotionsskript: Welchen Umgang mit Streit und Emotionen habe ich gelernt. Wie \u00a0 pr\u00e4gt das mein Verhalten in Beziehungen?<br \/>&#8211; Welche Bed\u00fcrfnisse habe ich (eigentlich)?<br \/>&#8211; Informationen zu Abl\u00e4ufen im Gehirn<br \/>&#8211; Selbstf\u00fcrsorgsamkeit<br \/>&#8211; Abl\u00e4ufe \u00e4ndern und Liebesrituale einf\u00fcgen<\/p>\n<\/div>\n<p style=\"text-align: justify;\"><strong>Was ist ein Trauma?<br \/><\/strong>Bei einem <strong>Trauma<\/strong> handelt es sich nicht um reine innere Konflikte wie z. B. die Frage: &#8222;Soll ich meinen Arbeitgeber wechseln oder die Beziehung mit meinem Partner beenden?&#8220; &#8211; auch wenn solche Fragestellungen auch gro\u00dfen Stress bedeuten k\u00f6nnen.<br \/>Ausgangspunkt sind tats\u00e4chliche, <strong>extrem stressreiche<\/strong>\u00a0Ereignisse, die ein Gehirn in eine &#8222;Klemme&#8220; bringen und &#8222;traumatische Zange&#8220; genannt wird. Das Informationsverarbeitungssystem des Gehirns wird so \u00fcberflutet, dass die Person den Eindruck bekommt, als &#8222;ginge jetzt nichts mehr&#8220;, wie ein bodenloser Abgrund der sich vor einem auftut.<br \/>Archaische Notfallprogramme wie Fl\u00fcchten, K\u00e4mpfen, Erstarren, innerer Zusammenbruch und Leere setzen ein. Auf solche <strong>Extremsituationen<\/strong> sind die betroffenen Menschen nicht vorbereitet und daher \u00fcberfordert es ihre Bew\u00e4ltigungsmechanismen.<br \/>Beispiele:<br \/>&#8211; n\u00e4chtlicher \u00dcberfall in einem Park<br \/>&#8211; der eigene Mann oder Vater &#8222;verwandelt&#8220; sich in einen Angreifer<br \/>&#8211; Autounfall eines Partners oder KIndes<br \/>&#8211; Gewalterfahrungen zwischen Eltern, die die Kinder miterleben (manchmal sogar schon im Mutterleib)<br \/>&#8211; Kriegserfahrungen<br \/>&#8211; Vernachl\u00e4ssigung in der Kindheit<\/p>\n<p>Typische Kriterien f\u00fcr <strong>Bindungsprinzipien bei Misshandlungsverh\u00e4ltnissen<\/strong> in Partnerschaft und Familie sind:<br \/>&#8211; Erpressung, Geheimnisse<br \/>&#8211; Schuldfragen, Opferung, Verrat<br \/>&#8211; Machteinsatz: Gewalt auf emotionaler, seelischer und k\u00f6rperlicher Ebene<br \/>&#8211; Schweigen und Liebesentzug<br \/>&#8211; Loyalit\u00e4t zu T\u00e4tern<\/p>\n<p style=\"text-align: justify;\"><strong>Kinder brauchen<\/strong> in Familien:<br \/>&#8211; Emotionale Sicherheit und Verf\u00fcgbarkeit von Bezugspersonen<br \/>&#8211; Feinf\u00fchligkeit, Blickkontakt, Ber\u00fchrung<br \/>Eigene Bindungserfahrungen werden sp\u00e4ter an Partner und Kinder meist unbewusst weitergeben und Gewalt wird \u00f6fters reinszeniert. Daher ist es oft hilfreich, erlernte Muster zu erkennen und zu bearbeiten, so dass Verst\u00e4ndnis hierf\u00fcr entstehen und neues Verhalten gelernt werden kann. Dadurch wird eine liebevollere Partnerschaft auf Augenh\u00f6he m\u00f6glich. Durch die <span style=\"color: #008080;\"><strong>traumsensible Paarberatung<\/strong><\/span> und <strong>weitere ressourcenorientierte Methoden<\/strong> werden Paare auf diesem Weg liebevoll begleitet.\u00a0<br \/>Lassen Sie sich nicht durch <strong>Bemerkungen im Umfeld<\/strong> verunsichern, bei denen auf der kognitiven Ebene versucht wird, Ihnen Tipps zur Besserung zu geben:<br \/>&#8211; Stell dich nicht so an, andere haben es auch auch nicht leicht.<br \/>&#8211; Es muss doch einen Therapeuten geben, der helfen kann, die k\u00f6nnen doch nicht alle schlecht sein.<br \/>&#8211; Sieh doch, was du alles schon erreicht hast im Leben.\u00a0<br \/>&#8211; Sieh das Positive und nicht nur in die Vergangenheit.<br \/>Mit diesen Ratschl\u00e4gen wird \u00dcber- und Unterregung, in der sich traumatisierte Menschen befinden, nicht ver\u00e4ndert, da K\u00f6rperarbeit hierf\u00fcr notwendig ist. Betroffene befinden sich oft nicht innerhalb des sogenannten <strong>Toleranzfensters (windows of tolerance)<\/strong>, sondern dar\u00fcber oder darunter, wodurch Emotionen wie R\u00fcckzug\/Erstarrung oder Wutausbr\u00fcche und heftigste Vorw\u00fcrfe in Partnerschaften die Folge sein k\u00f6nnen. Durch Gespr\u00e4che alleine ist es nicht m\u00f6glich, mehr Ausgeglichenheit und Regulierung zu erreichen. Wichtig ist es, die Selbstregulation und Orientierung zu verbessern, um mit seinen eigenen Gef\u00fchlen umgehen und diese steuern zu k\u00f6nnen. Ich arbeite mit Methoden, die <strong>K\u00f6rper und Geist<\/strong> einbeziehen, da traumatische Erlebnisse in tiefer liegenden Regionen des Gehirns verankert sind und auf der rein kognitiven Ebene nicht dauerhaft ver\u00e4ndert werden k\u00f6nnen. Die Traumatherapeutin <strong><a href=\"https:\/\/www.damicharf.com\"><span style=\"color: #008080;\">Dami Charf<\/span><\/a> <\/strong>gibt dazu gute Einblicke und ich arbeite mit einigen Methoden von ihr, die ich bei Seminaren erworben habe. Zum Thema Selbstregulation informiert diese Artikel: <strong><span style=\"color: #008080;\"><a style=\"color: #008080;\" href=\"https:\/\/baumer-paarberatung.de\/wp-content\/uploads\/2020\/11\/Selbstregulation-und-Trauma.pdf\">Selbstregulation und Trauma<\/a><\/span><\/strong><\/p>\n<p>Ein <strong>Trauma ist erkennbar<\/strong>, wenn:<br \/>&#8211; Kaum\/ keine Kontrolle \u00fcber Impulse und Gef\u00fchle vorhanden ist.<br \/>&#8211; Entfremdungserleben, Konzentrationsprobleme und Ged\u00e4chtnisl\u00fccken auftreten.<br \/>&#8211; St\u00f6rungen der Selbstwahrnehmung vorliegen: Opferhaltung, Selbstf\u00fcrsorge unterbunden, Schuld, Scham.<br \/>&#8211; St\u00f6rungen in der Beziehung zu anderen.<br \/>&#8211; H\u00e4ufige extreme und negative Lebenseinstellungen vorherrschen.<\/p>\n<p>Gute <strong>Traumatherapeuten<\/strong> und Anlaufstellen haben meistens lange Wartezeiten und fordert von Therapeuten vor allem Folgendes:<br \/>&#8211; ein empfindendes Herz<br \/>&#8211; eine belastbare Pers\u00f6nlichkeit<br \/>&#8211; Fachliche Kenntnisse zum Thema &#8222;Traumatherapie&#8220;, die in der Praxis angewandt werden k\u00f6nnen, um mit extremen Gef\u00fchlen, T\u00e4teranteilen, heftigen K\u00f6rperzust\u00e4nden der Klienten umgehen zu k\u00f6nnen. Dazu reicht meistens nicht nur eine Ausbildung und K\u00f6rperarbeit ist wichtig, da diese das implizite Ged\u00e4chtnis anspricht.<\/p>\n<p>Anbei ein Artikel von mir zum Thema <strong>&#8222;Paare und Selbstregulation&#8220;<\/strong> mit einigen \u00dcbungen und Tipps. <span style=\"color: #008080;\"><strong><a style=\"color: #008080;\" href=\"https:\/\/www.ratgeber-lifestyle.de\/beitraege\/lifestyle\/paare-und-selbstregulation-in-beziehungen.html\">Selbstregulation Paare<\/a><\/strong><\/span><br \/>In meiner Praxis erarbeite ich mit den Paaren Selbstregulationstechniken, die alleine und gemeinsam eingesetzt werden k\u00f6nnen, um Emotionen besser steuern zu k\u00f6nnen, was zu weniger Streit und mehr Wohlbefinden f\u00fchrt. Selbstverantwortung und \u00dcben geh\u00f6ren liebevoll dazu und sind n\u00f6tig, um eigene Grenzen zu erkennen und Respekt und Wertsch\u00e4tzung in einer Partnerschaft wie in einem bunten Garten zu kultivieren.\u00a0<\/p>\n<p style=\"text-align: justify;\"><strong>Therapieformen und Methoden finden Sie unter dem Punkt &#8222;Arbeitsweise&#8220;.<\/strong><\/p>\n<p><strong>\u00a0<\/strong><\/p>\n<p><strong>Literatur:<br \/><\/strong>&#8211; Charf, Damir: Auch alte Wunden k\u00f6nnen heilen. K\u00f6sel-Verlag.<br \/>&#8211; Hanswille, Reinert und Annette Kissenbeck: Systemische Traumatherapie. Carl- Auer Verlag.<br \/>&#8211; Huber, Michaela: Trauma und die Folgen. Junfermann Verlag.<br \/>&#8211; Peichl, Jochen: Destruktive Paarbeziehungen. Das Trauma intimer Gewalt. Klett-Cotta \u00a0 \u00a0 \u00a0Verlag.<br \/>&#8211; B\u00fccher von Peter Levine, der die Methode &#8222;Somatic Experiencing&#8220; entwickelt hat.<br \/>&#8211; Reddemann, Luise: Psychodynamische imaginative Traumatherapie PITT- Das Manual. \u00a0 Klett-Cotta Verlag.<br \/>&#8211; Welter-Enderlin, Rosemarie und Bruno Hildenbrand (Hrsg.): Residenz &#8211; Gedeihen trotz widriger Umst\u00e4nde. Carl- Auer Verlag.<br \/><strong>Anlaufstellen:<\/strong><br \/>&#8211; Wildwasser: Beratung f\u00fcr Kinder, Jugendliche und Erwachsene, die von sexuellem Missbrauch betroffen sind.<br \/>&#8211; Hilfeportal sexueller Missbrauch 0800- 22 55 530<br \/>u. a.<\/p>\n\n\n<div class=\"wp-block-image\"><figure class=\"aligncenter size-large\"><img loading=\"lazy\" decoding=\"async\" width=\"718\" height=\"480\" src=\"http:\/\/baumer-paarberatung.de\/wp-content\/uploads\/2019\/11\/Herzen.jpg\" alt=\"\" class=\"wp-image-537\" srcset=\"https:\/\/baumer-paarberatung.de\/wp-content\/uploads\/2019\/11\/Herzen.jpg 718w, https:\/\/baumer-paarberatung.de\/wp-content\/uploads\/2019\/11\/Herzen-300x201.jpg 300w, https:\/\/baumer-paarberatung.de\/wp-content\/uploads\/2019\/11\/Herzen-624x417.jpg 624w\" sizes=\"auto, (max-width: 718px) 100vw, 718px\" \/><\/figure><\/div>\n","protected":false},"excerpt":{"rendered":"<p>\u00a0 Paare, die in der Kindheit traumatische Erfahrungen, z. B. durch ihre eigenen (traumatisierten) Eltern erfahren haben, leben diese Beziehungsmuster oft in der Partnerschaft weiter. Heftige, wenig hilfreiche Streits pr\u00e4gen diese Beziehungen oftmals. In Anlehnung an das \u201eTraumhaus\u201c- Beziehungskonzept von Dr. Katharina Klees arbeite ich mit diesen Paaren Streitmuster, dahinter liegende Emotionen und neue Wege [&hellip;]<\/p>\n","protected":false},"author":2,"featured_media":0,"parent":0,"menu_order":0,"comment_status":"closed","ping_status":"open","template":"","meta":{"footnotes":""},"class_list":["post-436","page","type-page","status-publish","hentry"],"_links":{"self":[{"href":"https:\/\/baumer-paarberatung.de\/index.php?rest_route=\/wp\/v2\/pages\/436","targetHints":{"allow":["GET"]}}],"collection":[{"href":"https:\/\/baumer-paarberatung.de\/index.php?rest_route=\/wp\/v2\/pages"}],"about":[{"href":"https:\/\/baumer-paarberatung.de\/index.php?rest_route=\/wp\/v2\/types\/page"}],"author":[{"embeddable":true,"href":"https:\/\/baumer-paarberatung.de\/index.php?rest_route=\/wp\/v2\/users\/2"}],"replies":[{"embeddable":true,"href":"https:\/\/baumer-paarberatung.de\/index.php?rest_route=%2Fwp%2Fv2%2Fcomments&post=436"}],"version-history":[{"count":27,"href":"https:\/\/baumer-paarberatung.de\/index.php?rest_route=\/wp\/v2\/pages\/436\/revisions"}],"predecessor-version":[{"id":1026,"href":"https:\/\/baumer-paarberatung.de\/index.php?rest_route=\/wp\/v2\/pages\/436\/revisions\/1026"}],"wp:attachment":[{"href":"https:\/\/baumer-paarberatung.de\/index.php?rest_route=%2Fwp%2Fv2%2Fmedia&parent=436"}],"curies":[{"name":"wp","href":"https:\/\/api.w.org\/{rel}","templated":true}]}}