{"id":487,"date":"2019-11-15T16:06:56","date_gmt":"2019-11-15T16:06:56","guid":{"rendered":"http:\/\/baumer-paarberatung.de\/?page_id=487"},"modified":"2019-11-15T16:20:11","modified_gmt":"2019-11-15T16:20:11","slug":"inneres-team","status":"publish","type":"page","link":"https:\/\/baumer-paarberatung.de\/?page_id=487","title":{"rendered":"Inneres Team"},"content":{"rendered":"<p style=\"text-align: justify;\">Die Arbeit mit dem inneren Team stammt von dem Psychologen Friedemann Schulz von Thun. Damit ist die Pluralit\u00e4t des Innenlebens eines Menschen gemeint. Beispielsweise k\u00f6nnen Sie zwei &#8222;Stimmen&#8220; in sich wahrnehmen, wenn Sie vor einer Entscheidung stehen. Eine Stimme r\u00e4t mutig dazu, diese Entscheidung zu f\u00e4llen, eine andere z\u00f6gert noch und w\u00e4gt ab.<br \/>\nIn der Traumatherapie wurde die Arbeit mit verschiedenen Ich-Anteilen von John Watkins und Helen Watkins entwickelt und nennt sich Ego-State-Therapie.<br \/>\nMenschen, die seelische (und oft auch k\u00f6rperlich) verletzt wurden, entwickeln zum Schutz Abwehrmechanismen. Einige tun dies, indem sie ihre Pers\u00f6nlichkeit in verschieden innere Anteile &#8222;aufteilen&#8220;. Dies geschieht meist unbewusst. In der Traumatherapie wird mit diesen Anteilen gearbeitet, damit sie nicht mehr gegeneinander, sondern in einer ganzheitlichen Pers\u00f6nlichkeit zueinander finden.<\/p>\n<p>Auch bei anderen Beratungen kann es hilfreich sein, sich innerer Stimmen und W\u00fcnsche bewusst zu werden, um eine Entscheidung treffen zu k\u00f6nnen, die sich auf Dauer hilfreich erweist und wodurch das Innenleben eines Menschen Ruhe findet.<\/p>\n<p style=\"text-align: justify;\">\n<p>&nbsp;<\/p>\n","protected":false},"excerpt":{"rendered":"<p>Die Arbeit mit dem inneren Team stammt von dem Psychologen Friedemann Schulz von Thun. Damit ist die Pluralit\u00e4t des Innenlebens eines Menschen gemeint. Beispielsweise k\u00f6nnen Sie zwei &#8222;Stimmen&#8220; in sich wahrnehmen, wenn Sie vor einer Entscheidung stehen. Eine Stimme r\u00e4t mutig dazu, diese Entscheidung zu f\u00e4llen, eine andere z\u00f6gert noch und w\u00e4gt ab. In der [&hellip;]<\/p>\n","protected":false},"author":2,"featured_media":0,"parent":0,"menu_order":0,"comment_status":"closed","ping_status":"open","template":"","meta":{"footnotes":""},"class_list":["post-487","page","type-page","status-publish","hentry"],"_links":{"self":[{"href":"https:\/\/baumer-paarberatung.de\/index.php?rest_route=\/wp\/v2\/pages\/487","targetHints":{"allow":["GET"]}}],"collection":[{"href":"https:\/\/baumer-paarberatung.de\/index.php?rest_route=\/wp\/v2\/pages"}],"about":[{"href":"https:\/\/baumer-paarberatung.de\/index.php?rest_route=\/wp\/v2\/types\/page"}],"author":[{"embeddable":true,"href":"https:\/\/baumer-paarberatung.de\/index.php?rest_route=\/wp\/v2\/users\/2"}],"replies":[{"embeddable":true,"href":"https:\/\/baumer-paarberatung.de\/index.php?rest_route=%2Fwp%2Fv2%2Fcomments&post=487"}],"version-history":[{"count":3,"href":"https:\/\/baumer-paarberatung.de\/index.php?rest_route=\/wp\/v2\/pages\/487\/revisions"}],"predecessor-version":[{"id":494,"href":"https:\/\/baumer-paarberatung.de\/index.php?rest_route=\/wp\/v2\/pages\/487\/revisions\/494"}],"wp:attachment":[{"href":"https:\/\/baumer-paarberatung.de\/index.php?rest_route=%2Fwp%2Fv2%2Fmedia&parent=487"}],"curies":[{"name":"wp","href":"https:\/\/api.w.org\/{rel}","templated":true}]}}