{"id":599,"date":"2019-11-19T16:42:54","date_gmt":"2019-11-19T16:42:54","guid":{"rendered":"http:\/\/baumer-paarberatung.de\/?page_id=599"},"modified":"2021-01-10T16:31:02","modified_gmt":"2021-01-10T16:31:02","slug":"traumatherapie","status":"publish","type":"page","link":"https:\/\/baumer-paarberatung.de\/?page_id=599","title":{"rendered":"Traumatherapie"},"content":{"rendered":"\n<p>Der Begriff &#8222;Traumatisierung&#8220; leitet den Fokus oft auf Bilder von leidenden, emotional sehr stark reagierende Menschen, die \u00e4u\u00dferst labil erscheinen und denen eine &#8222;St\u00f6rung&#8220; zugeschrieben wird. Somit liegt hier bereits eine einseitige Betrachtungsweise zum Negativen hin zugrunde. Die Tatsache, dass betroffene Menschen auch \u00fcber vielf\u00e4ltige Kompetenzen verf\u00fcgen wurde erst in den letzten Jahren durch Forschungen zum Thema &#8222;Resilienz&#8220; und &#8222;Salutogenese&#8220; hervorgehoben. Sie sind zwar traumatisierten und haben schreckliche Dinge erlebt, jedoch auch eine hohe <strong>\u00dcberlebenskompetenz<\/strong>, die notwendig war, um zu \u00fcberleben. <strong>Ressourcenorientierte <\/strong>Methoden helfen meinen Klienten mehr Sicherheit und Wohlbefinden im Alltag herzustellen. Ich arbeite dabei bspw. mit der <strong>Polyvagaltheorie von Stephen Portes<\/strong>,  mit der Verbundenheit durch Einflussnahme auf das Nervensystem hergestellt wird. <strong>Dr<\/strong>. <strong>Luise Reddemann<\/strong> inspiriert mich mit ihren <strong>imaginativen Bildern<\/strong> und ihrer <strong>Ego-State-Arbeit<\/strong> und <strong>Dami Charf<\/strong> mit <strong>k\u00f6rperorientierten Methoden<\/strong>. <br><br>Meine Arbeitsweise umfasst folgende <strong>Grundlagen und Haltungen<\/strong>:<br>&#8211; Arbeit mit inneren Anteilen<br>&#8211; Schmetterlings-EMDR<br>&#8211; Beobachtertechnik<br>&#8211; Bildschirmtechnik<br>&#8211; Re-Orientierung<br>&#8211; Musterorientierung<br>&#8211; Externalisierungen<br>&#8211; Schaffung eines sicheren &#8222;inneren und \u00e4u\u00dferen Ortes&#8220;<br>&#8211; Tresortechnik<br>&#8211; Wanderungen um Belastendes abzulegen<br>&#8211; K\u00f6rperorientierung wie Selbstumarmung, Achtsamkeit, Haltung und Erdung.<br> u. a.<br><br>Erstaunlich ist bei all dem Leid, dass von den Menschen, die ein Trauma erlitten haben, zwei Drittel die Situation mit <strong>eigenen Ressourcen <\/strong>und durch die Unterst\u00fctzung ihrer <strong>sozialen Systeme <\/strong>bew\u00e4ltigen k\u00f6nnen. Vertraute Menschen, liebevolle Gespr\u00e4che, das Gef\u00fchl von Schutz und Selbstwirksamkeit bieten gute Grundlagen, um das <strong>Erlebte verarbeiten<\/strong> zu k\u00f6nnen.<br>Die <strong>traumasensible Paartherapie<\/strong> nach Dr. Klees bietet weitere spezielle M\u00f6glichkeiten, die unter dem Punkt &#8222;Paarberatung&#8220; erl\u00e4utert werden und die ich f\u00fcr Paare anbiete, die sich in starke Emotionen verstricken und h\u00e4ufig streiten. <br>Ich biete aktuell (noch) keine Traumabearbeitung an, aber <strong>Emotionsregulations- und Stabilsierungs\u00fcbungen<\/strong>, die sich auch an Ideen von Peter Levin, Michaela Huber und Christine Seidel anlehnen . Wichtig ist dabei, dass Sie zu Hause diese \u00dcbungen regelm\u00e4\u00dfig durchf\u00fchren, um <strong>neue Verschaltungen und Routinen im Gehirn<\/strong> zu erzeugen, die zu mehr Ruhe und Ausgeglichenheit f\u00fchren. <br>Bitte blicken Sie liebevoll auf den Weg, den Sie bisher gegangen sind. Sie hatten f\u00fcr jeden Schritt gute Gr\u00fcnde und sind es wert, eine wohlwollende und wertsch\u00e4tzende Beziehung zum eigenen Selbst zu gestalten.<br><br><br><\/p>\n","protected":false},"excerpt":{"rendered":"<p>Der Begriff &#8222;Traumatisierung&#8220; leitet den Fokus oft auf Bilder von leidenden, emotional sehr stark reagierende Menschen, die \u00e4u\u00dferst labil erscheinen und denen eine &#8222;St\u00f6rung&#8220; zugeschrieben wird. Somit liegt hier bereits eine einseitige Betrachtungsweise zum Negativen hin zugrunde. Die Tatsache, dass betroffene Menschen auch \u00fcber vielf\u00e4ltige Kompetenzen verf\u00fcgen wurde erst in den letzten Jahren durch Forschungen [&hellip;]<\/p>\n","protected":false},"author":2,"featured_media":0,"parent":0,"menu_order":0,"comment_status":"closed","ping_status":"closed","template":"","meta":{"footnotes":""},"class_list":["post-599","page","type-page","status-publish","hentry"],"_links":{"self":[{"href":"https:\/\/baumer-paarberatung.de\/index.php?rest_route=\/wp\/v2\/pages\/599","targetHints":{"allow":["GET"]}}],"collection":[{"href":"https:\/\/baumer-paarberatung.de\/index.php?rest_route=\/wp\/v2\/pages"}],"about":[{"href":"https:\/\/baumer-paarberatung.de\/index.php?rest_route=\/wp\/v2\/types\/page"}],"author":[{"embeddable":true,"href":"https:\/\/baumer-paarberatung.de\/index.php?rest_route=\/wp\/v2\/users\/2"}],"replies":[{"embeddable":true,"href":"https:\/\/baumer-paarberatung.de\/index.php?rest_route=%2Fwp%2Fv2%2Fcomments&post=599"}],"version-history":[{"count":12,"href":"https:\/\/baumer-paarberatung.de\/index.php?rest_route=\/wp\/v2\/pages\/599\/revisions"}],"predecessor-version":[{"id":1000,"href":"https:\/\/baumer-paarberatung.de\/index.php?rest_route=\/wp\/v2\/pages\/599\/revisions\/1000"}],"wp:attachment":[{"href":"https:\/\/baumer-paarberatung.de\/index.php?rest_route=%2Fwp%2Fv2%2Fmedia&parent=599"}],"curies":[{"name":"wp","href":"https:\/\/api.w.org\/{rel}","templated":true}]}}