{"id":639,"date":"2019-12-07T15:48:39","date_gmt":"2019-12-07T15:48:39","guid":{"rendered":"http:\/\/baumer-paarberatung.de\/?page_id=639"},"modified":"2021-01-21T16:28:29","modified_gmt":"2021-01-21T16:28:29","slug":"kinderwunsch","status":"publish","type":"page","link":"https:\/\/baumer-paarberatung.de\/?page_id=639","title":{"rendered":"Kinderwunsch"},"content":{"rendered":"\n<p><\/p>\n\n\n\n<div class=\"wp-block-image\"><figure class=\"aligncenter is-resized\"><img loading=\"lazy\" decoding=\"async\" src=\"https:\/\/cdn.pixabay.com\/photo\/2015\/07\/09\/00\/29\/woman-837156_960_720.jpg\" alt=\"Frau, H\u00fcbsch, M\u00e4dchen, Haare, Sch\u00f6n, Frauen, Jung\" width=\"361\" height=\"241\"\/><\/figure><\/div>\n\n\n\n<p><\/p>\n\n\n\n<p><\/p>\n\n\n\n<p><\/p>\n\n\n\n<p>Der Wunsch nach einem Kind stellt f\u00fcr viele Paare etwas Existenzielles und sehr Emotionales dar. Gelingt es jedoch nicht, schwanger zu werden, so kann eine &#8222;Kinderwunschklinik&#8220; ein n\u00e4chster Schritt sein. Das damit oftmals verbundene Warten und Aushalten kann sehr belastend sein und das Seelenleben beider Partner, sowie die Beziehung selbst, ersch\u00fcttern. Gut gemeinte Ratschl\u00e4ge, wie zu entspannen, loszulassen und positiv zu denken helfen meistens nur wenig. Oftmals pr\u00e4gen eher Einsamkeit, Trauer und Verzweiflung lange Abschnitte des Wartens.<br>Bleibt der Kinderwunsch g\u00e4nzlich unerf\u00fcllt, so kann es im schlimmsten Fall zu Trennungen und Traumatisierungen f\u00fchren, weil die Ereignisse nicht verarbeitet werden k\u00f6nnen.<br>Mein Angebot umfasst alle Problemstellungen und soll Ihnen Kraft, Zuversicht, Entspannung und (wieder) Freude am Leben vermitteln. <br>Hierzu geh\u00f6ren bspw. Themen wie &#8222;Gedanken im Hamsterrad.&#8220;, Umgang mit Neid, Vorw\u00fcrfe und Schuld, Verbitterung, Abschiednehmen und Integration in das Leben, Leben mit Sinn, Einsamkeit im Alter, erf\u00fcllte Partnerschaft, Werte und Bedeutsamkeit, Orientierung und Lust.<br><\/p>\n\n\n\n<p><\/p>\n\n\n\n<p><\/p>\n\n\n\n<p><\/p>\n\n\n\n<p><\/p>\n\n\n\n<p><br><br><\/p>\n\n\n\n<p><\/p>\n\n\n\n<p><\/p>\n\n\n\n<p><\/p>\n\n\n\n<p><\/p>\n\n\n\n<p><\/p>\n","protected":false},"excerpt":{"rendered":"<p>Der Wunsch nach einem Kind stellt f\u00fcr viele Paare etwas Existenzielles und sehr Emotionales dar. Gelingt es jedoch nicht, schwanger zu werden, so kann eine &#8222;Kinderwunschklinik&#8220; ein n\u00e4chster Schritt sein. Das damit oftmals verbundene Warten und Aushalten kann sehr belastend sein und das Seelenleben beider Partner, sowie die Beziehung selbst, ersch\u00fcttern. Gut gemeinte Ratschl\u00e4ge, wie [&hellip;]<\/p>\n","protected":false},"author":2,"featured_media":0,"parent":0,"menu_order":0,"comment_status":"closed","ping_status":"closed","template":"","meta":{"footnotes":""},"class_list":["post-639","page","type-page","status-publish","hentry"],"_links":{"self":[{"href":"https:\/\/baumer-paarberatung.de\/index.php?rest_route=\/wp\/v2\/pages\/639","targetHints":{"allow":["GET"]}}],"collection":[{"href":"https:\/\/baumer-paarberatung.de\/index.php?rest_route=\/wp\/v2\/pages"}],"about":[{"href":"https:\/\/baumer-paarberatung.de\/index.php?rest_route=\/wp\/v2\/types\/page"}],"author":[{"embeddable":true,"href":"https:\/\/baumer-paarberatung.de\/index.php?rest_route=\/wp\/v2\/users\/2"}],"replies":[{"embeddable":true,"href":"https:\/\/baumer-paarberatung.de\/index.php?rest_route=%2Fwp%2Fv2%2Fcomments&post=639"}],"version-history":[{"count":16,"href":"https:\/\/baumer-paarberatung.de\/index.php?rest_route=\/wp\/v2\/pages\/639\/revisions"}],"predecessor-version":[{"id":1013,"href":"https:\/\/baumer-paarberatung.de\/index.php?rest_route=\/wp\/v2\/pages\/639\/revisions\/1013"}],"wp:attachment":[{"href":"https:\/\/baumer-paarberatung.de\/index.php?rest_route=%2Fwp%2Fv2%2Fmedia&parent=639"}],"curies":[{"name":"wp","href":"https:\/\/api.w.org\/{rel}","templated":true}]}}