{"id":675,"date":"2020-05-29T15:58:32","date_gmt":"2020-05-29T15:58:32","guid":{"rendered":"https:\/\/baumer-paarberatung.de\/?page_id=675"},"modified":"2021-01-01T11:17:30","modified_gmt":"2021-01-01T11:17:30","slug":"interessantes-2","status":"publish","type":"page","link":"https:\/\/baumer-paarberatung.de\/?page_id=675","title":{"rendered":"Interessantes"},"content":{"rendered":"\n<h1 class=\"wp-block-heading\">Ver\u00f6ffentlichungen Ratgeber Lifestyle<\/h1>\n\n\n\n<figure class=\"wp-block-image size-large\"><img loading=\"lazy\" decoding=\"async\" width=\"376\" height=\"178\" src=\"https:\/\/baumer-paarberatung.de\/wp-content\/uploads\/2020\/11\/Bildschirmfoto-2020-11-23-um-22.26.59.jpg\" alt=\"\" class=\"wp-image-888\" srcset=\"https:\/\/baumer-paarberatung.de\/wp-content\/uploads\/2020\/11\/Bildschirmfoto-2020-11-23-um-22.26.59.jpg 376w, https:\/\/baumer-paarberatung.de\/wp-content\/uploads\/2020\/11\/Bildschirmfoto-2020-11-23-um-22.26.59-300x142.jpg 300w\" sizes=\"auto, (max-width: 376px) 100vw, 376px\" \/><\/figure>\n\n\n\n<div class=\"wp-block-file\"><a href=\"blob:https:\/\/baumer-paarberatung.de\/a24d668d-f752-4e0d-9541-830ec0f81528\" class=\"wp-block-file__button\" download>Herunterladen<\/a><\/div>\n\n\n\n<div class=\"wp-block-group\"><div class=\"wp-block-group__inner-container is-layout-flow wp-block-group-is-layout-flow\">\n<div class=\"wp-block-group\"><div class=\"wp-block-group__inner-container is-layout-flow wp-block-group-is-layout-flow\">\n<div class=\"wp-block-columns is-layout-flex wp-container-core-columns-is-layout-9d6595d7 wp-block-columns-is-layout-flex\">\n<div class=\"wp-block-column is-layout-flow wp-block-column-is-layout-flow\">\n<h2 class=\"wp-block-heading\"><a href=\"https:\/\/www.ratgeber-lifestyle.de\/beitraege\/lifestyle\/trennung-akzeptieren-und-loslassen.html\">Trennung akzeptieren und loslassen<\/a><\/h2>\n\n\n\n<figure class=\"wp-block-image size-large is-resized\"><img loading=\"lazy\" decoding=\"async\" src=\"https:\/\/baumer-paarberatung.de\/wp-content\/uploads\/2020\/12\/Bildschirmfoto-2020-12-05-um-13.34.04-1024x768.jpg\" alt=\"\" class=\"wp-image-914\" width=\"168\" height=\"125\" srcset=\"https:\/\/baumer-paarberatung.de\/wp-content\/uploads\/2020\/12\/Bildschirmfoto-2020-12-05-um-13.34.04-1024x768.jpg 1024w, https:\/\/baumer-paarberatung.de\/wp-content\/uploads\/2020\/12\/Bildschirmfoto-2020-12-05-um-13.34.04-300x225.jpg 300w, https:\/\/baumer-paarberatung.de\/wp-content\/uploads\/2020\/12\/Bildschirmfoto-2020-12-05-um-13.34.04-768x576.jpg 768w, https:\/\/baumer-paarberatung.de\/wp-content\/uploads\/2020\/12\/Bildschirmfoto-2020-12-05-um-13.34.04-624x468.jpg 624w, https:\/\/baumer-paarberatung.de\/wp-content\/uploads\/2020\/12\/Bildschirmfoto-2020-12-05-um-13.34.04.jpg 1048w\" sizes=\"auto, (max-width: 168px) 100vw, 168px\" \/><\/figure>\n<\/div>\n\n\n\n<div class=\"wp-block-column is-layout-flow wp-block-column-is-layout-flow\">\n<h2 class=\"wp-block-heading\"><a href=\"https:\/\/www.ratgeber-lifestyle.de\/beitraege\/lifestyle\/verbitterung-nach-trennung.html\">Verbitterung nach Trennung<\/a><\/h2>\n\n\n\n<figure class=\"wp-block-image size-large is-resized\"><img loading=\"lazy\" decoding=\"async\" src=\"https:\/\/baumer-paarberatung.de\/wp-content\/uploads\/2021\/01\/frau-mann-trennung-verbitterter-blick-1024x576.jpg\" alt=\"\" class=\"wp-image-954\" width=\"208\" height=\"116\" srcset=\"https:\/\/baumer-paarberatung.de\/wp-content\/uploads\/2021\/01\/frau-mann-trennung-verbitterter-blick-1024x576.jpg 1024w, https:\/\/baumer-paarberatung.de\/wp-content\/uploads\/2021\/01\/frau-mann-trennung-verbitterter-blick-300x169.jpg 300w, https:\/\/baumer-paarberatung.de\/wp-content\/uploads\/2021\/01\/frau-mann-trennung-verbitterter-blick-768x432.jpg 768w, https:\/\/baumer-paarberatung.de\/wp-content\/uploads\/2021\/01\/frau-mann-trennung-verbitterter-blick-624x351.jpg 624w, https:\/\/baumer-paarberatung.de\/wp-content\/uploads\/2021\/01\/frau-mann-trennung-verbitterter-blick.jpg 1200w\" sizes=\"auto, (max-width: 208px) 100vw, 208px\" \/><\/figure>\n<\/div>\n\n\n\n<div class=\"wp-block-column is-layout-flow wp-block-column-is-layout-flow\">\n<h2 class=\"wp-block-heading\"><a href=\"https:\/\/www.ratgeber-lifestyle.de\/beitraege\/lifestyle\/paare-und-selbstregulation-in-beziehungen.html\">Paare und Selbstregulation<\/a><\/h2>\n\n\n\n<figure class=\"wp-block-image size-large is-resized\"><img loading=\"lazy\" decoding=\"async\" src=\"https:\/\/baumer-paarberatung.de\/wp-content\/uploads\/2021\/01\/mann-frau-streit-wenden-sich-ab-1024x576.jpg\" alt=\"\" class=\"wp-image-955\" width=\"204\" height=\"114\" srcset=\"https:\/\/baumer-paarberatung.de\/wp-content\/uploads\/2021\/01\/mann-frau-streit-wenden-sich-ab-1024x576.jpg 1024w, https:\/\/baumer-paarberatung.de\/wp-content\/uploads\/2021\/01\/mann-frau-streit-wenden-sich-ab-300x169.jpg 300w, https:\/\/baumer-paarberatung.de\/wp-content\/uploads\/2021\/01\/mann-frau-streit-wenden-sich-ab-768x432.jpg 768w, https:\/\/baumer-paarberatung.de\/wp-content\/uploads\/2021\/01\/mann-frau-streit-wenden-sich-ab-624x351.jpg 624w, https:\/\/baumer-paarberatung.de\/wp-content\/uploads\/2021\/01\/mann-frau-streit-wenden-sich-ab.jpg 1200w\" sizes=\"auto, (max-width: 204px) 100vw, 204px\" \/><\/figure>\n<\/div>\n<\/div>\n<\/div><\/div>\n\n\n\n<div class=\"wp-block-group\"><div class=\"wp-block-group__inner-container is-layout-flow wp-block-group-is-layout-flow\">\n<p class=\"has-medium-font-size\"><a href=\"https:\/\/baumer-paarberatung.de\/wp-content\/uploads\/2020\/12\/Konfliktklaerung-1.pdf\" data-type=\"URL\" data-id=\"https:\/\/baumer-paarberatung.de\/wp-content\/uploads\/2020\/12\/Konfliktklaerung-1.pdf\"><strong>Konfliktkl\u00e4rung<\/strong><\/a><\/p>\n\n\n\n<figure class=\"wp-block-image size-large is-resized\"><img loading=\"lazy\" decoding=\"async\" src=\"https:\/\/baumer-paarberatung.de\/wp-content\/uploads\/2020\/12\/Bildschirmfoto-2020-12-05-um-13.39.18.jpg\" alt=\"\" class=\"wp-image-921\" width=\"169\" height=\"128\" srcset=\"https:\/\/baumer-paarberatung.de\/wp-content\/uploads\/2020\/12\/Bildschirmfoto-2020-12-05-um-13.39.18.jpg 978w, https:\/\/baumer-paarberatung.de\/wp-content\/uploads\/2020\/12\/Bildschirmfoto-2020-12-05-um-13.39.18-300x229.jpg 300w, https:\/\/baumer-paarberatung.de\/wp-content\/uploads\/2020\/12\/Bildschirmfoto-2020-12-05-um-13.39.18-768x586.jpg 768w, https:\/\/baumer-paarberatung.de\/wp-content\/uploads\/2020\/12\/Bildschirmfoto-2020-12-05-um-13.39.18-624x476.jpg 624w\" sizes=\"auto, (max-width: 169px) 100vw, 169px\" \/><\/figure>\n\n\n\n<p><\/p>\n<\/div><\/div>\n\n\n\n<p class=\"has-medium-font-size\"><strong><a href=\"https:\/\/www.ratgeber-lifestyle.de\/beitraege\/persoenlichkeitsentwicklung\/visualisierung.html\" data-type=\"URL\" data-id=\"https:\/\/www.ratgeber-lifestyle.de\/beitraege\/persoenlichkeitsentwicklung\/visualisierung.html\">Visualisierung und Erfolg<\/a><\/strong><\/p>\n\n\n\n<figure class=\"wp-block-image size-large is-resized\"><img loading=\"lazy\" decoding=\"async\" src=\"https:\/\/baumer-paarberatung.de\/wp-content\/uploads\/2020\/12\/Bildschirmfoto-2020-12-05-um-13.47.59.jpg\" alt=\"\" class=\"wp-image-933\" width=\"172\" height=\"133\" srcset=\"https:\/\/baumer-paarberatung.de\/wp-content\/uploads\/2020\/12\/Bildschirmfoto-2020-12-05-um-13.47.59.jpg 636w, https:\/\/baumer-paarberatung.de\/wp-content\/uploads\/2020\/12\/Bildschirmfoto-2020-12-05-um-13.47.59-300x231.jpg 300w, https:\/\/baumer-paarberatung.de\/wp-content\/uploads\/2020\/12\/Bildschirmfoto-2020-12-05-um-13.47.59-624x481.jpg 624w\" sizes=\"auto, (max-width: 172px) 100vw, 172px\" \/><\/figure>\n\n\n\n<p class=\"has-medium-font-size\"><a href=\"https:\/\/www.ratgeber-lifestyle.de\/beitraege\/lifestyle\/wechselwirkungen-von-koerper-und-psyche-in-der-paarbeziehung.html\"><strong>Wechselwirkung von K\u00f6rper und Psyche in der Paarbeziehung<\/strong><\/a><br><\/p>\n\n\n\n<div class=\"wp-block-file\"><a href=\"blob:https:\/\/baumer-paarberatung.de\/2c14ea01-1a5d-42e6-82f4-d774a18baac8\" class=\"wp-block-file__button\" download>Herunterladen<\/a><\/div>\n\n\n\n<p><\/p>\n\n\n\n<figure class=\"wp-block-image size-large is-resized\"><img loading=\"lazy\" decoding=\"async\" src=\"https:\/\/baumer-paarberatung.de\/wp-content\/uploads\/2021\/01\/mann-frau-verliebt-kuessen-sich-1024x576.jpg\" alt=\"\" class=\"wp-image-959\" width=\"198\" height=\"111\" srcset=\"https:\/\/baumer-paarberatung.de\/wp-content\/uploads\/2021\/01\/mann-frau-verliebt-kuessen-sich-1024x576.jpg 1024w, https:\/\/baumer-paarberatung.de\/wp-content\/uploads\/2021\/01\/mann-frau-verliebt-kuessen-sich-300x169.jpg 300w, https:\/\/baumer-paarberatung.de\/wp-content\/uploads\/2021\/01\/mann-frau-verliebt-kuessen-sich-768x432.jpg 768w, https:\/\/baumer-paarberatung.de\/wp-content\/uploads\/2021\/01\/mann-frau-verliebt-kuessen-sich-624x351.jpg 624w, https:\/\/baumer-paarberatung.de\/wp-content\/uploads\/2021\/01\/mann-frau-verliebt-kuessen-sich.jpg 1200w\" sizes=\"auto, (max-width: 198px) 100vw, 198px\" \/><\/figure>\n\n\n\n<p><\/p>\n<\/div><\/div>\n\n\n\n<p><\/p>\n\n\n\n<p><\/p>\n\n\n\n<p><strong>Achtsame Beratung<\/strong><\/p>\n\n\n\n<p><\/p>\n\n\n\n<figure class=\"wp-block-image size-large is-resized\"><img loading=\"lazy\" decoding=\"async\" src=\"https:\/\/baumer-paarberatung.de\/wp-content\/uploads\/2020\/12\/HerzGehirn.png\" alt=\"\" class=\"wp-image-936\" width=\"184\" height=\"92\" srcset=\"https:\/\/baumer-paarberatung.de\/wp-content\/uploads\/2020\/12\/HerzGehirn.png 960w, https:\/\/baumer-paarberatung.de\/wp-content\/uploads\/2020\/12\/HerzGehirn-300x150.png 300w, https:\/\/baumer-paarberatung.de\/wp-content\/uploads\/2020\/12\/HerzGehirn-768x384.png 768w, https:\/\/baumer-paarberatung.de\/wp-content\/uploads\/2020\/12\/HerzGehirn-624x312.png 624w\" sizes=\"auto, (max-width: 184px) 100vw, 184px\" \/><\/figure>\n\n\n\n<p><strong><br><\/strong><em>\u201eDer Erfolg einer Intervention h\u00e4ngt von der inneren Verfasstheit des Intervenierenden ab.\u201c<\/em>&nbsp;Otto Scharmer<br>Nach dieser Aussage ist es also eine Hauptaufgabe des Coaches, die eigene Aufmerksamkeit zu kultivieren und zu professionalisieren.<br>Was wird unter \u201eAchtsamkeit\u201c verstanden?<\/p>\n\n\n\n<ul class=\"wp-block-list\"><li>Einf\u00fchlungsverm\u00f6gen<\/li><li>Im Hier und Jetzt verweilen<\/li><li>auf den Klienten \u201eeinschwingen\u201c<\/li><li>\u201einnere Landkarte\u201c<\/li><li>eigene und fremde Gef\u00fchle, Mimik und Gestik wahrnehmen<\/li><li>Pacing<br>u.a.<\/li><\/ul>\n\n\n\n<p>In Fortbildungen und Seminaren ist dieses Thema sehr aktuell und gefragt.<br>Folgende Fragen werden dabei angesprochen:<\/p>\n\n\n\n<p>Wie st\u00e4rke ich die zu Beratenden?<br>Wie kann ich in einer Beratung hilfreich sein, ohne Rat-schl\u00e4ge aufzuzwingen?<br>Wie kann ich zwischen meinen eigenen Ansichten (und meinem Expertenwissen als Beraterin) und den Bed\u00fcrfnissen der Klienten unterscheiden und dabei hilfreich beraten?<br>Wie kann ich eine \u201eJa-Haltung\u201c der zu Beratenden erfolgreich unterst\u00fctzen bzw. aufbauen?<br>Wie erreiche ich meine \u201eoptimale Steuerungsinstanz\u201c?<\/p>\n\n\n\n<p>Durch die&nbsp;<strong>Arbeit mit Bildern<\/strong>&nbsp;k\u00f6nnen unbewusste Anteile ausgesprochen, angesprochen oder auch vermittelt werden.<\/p>\n\n\n\n<figure class=\"wp-block-image\"><a href=\"http:\/\/baumer-paarberatung.de\/wp-content\/uploads\/2015\/04\/P1010254.jpg\"><img loading=\"lazy\" decoding=\"async\" width=\"300\" height=\"225\" src=\"http:\/\/baumer-paarberatung.de\/wp-content\/uploads\/2015\/04\/P1010254-300x225.jpg\" alt=\"OLYMPUS DIGITAL CAMERA\" class=\"wp-image-232\" srcset=\"https:\/\/baumer-paarberatung.de\/wp-content\/uploads\/2015\/04\/P1010254-300x225.jpg 300w, https:\/\/baumer-paarberatung.de\/wp-content\/uploads\/2015\/04\/P1010254-1024x768.jpg 1024w, https:\/\/baumer-paarberatung.de\/wp-content\/uploads\/2015\/04\/P1010254-624x468.jpg 624w\" sizes=\"auto, (max-width: 300px) 100vw, 300px\" \/><\/a><\/figure>\n\n\n\n<p>F\u00fcr den Carl-Auer Verlag schrieb ich das&nbsp;<strong>Buch \u201eBeratung von getrennten Eltern und Patchworkfamilien in p\u00e4dagogischen Berufen\u201c<\/strong>&nbsp;in Zusammenarbeit mit Christa Hubrig (Autorin von: \u201eGehirn, Motivation, Beziehung -Ressourcen in der Schule.\u201c)<\/p>\n\n\n\n<div class=\"wp-block-columns is-layout-flex wp-container-core-columns-is-layout-9d6595d7 wp-block-columns-is-layout-flex\">\n<div class=\"wp-block-column is-layout-flow wp-block-column-is-layout-flow\"><\/div>\n\n\n\n<div class=\"wp-block-column is-layout-flow wp-block-column-is-layout-flow\"><\/div>\n\n\n\n<div class=\"wp-block-column is-layout-flow wp-block-column-is-layout-flow\"><\/div>\n<\/div>\n\n\n\n<div class=\"wp-block-columns is-layout-flex wp-container-core-columns-is-layout-9d6595d7 wp-block-columns-is-layout-flex\"><\/div>\n","protected":false},"excerpt":{"rendered":"<p>Ver\u00f6ffentlichungen Ratgeber Lifestyle Trennung akzeptieren und loslassen Verbitterung nach Trennung Paare und Selbstregulation Konfliktkl\u00e4rung Visualisierung und Erfolg Wechselwirkung von K\u00f6rper und Psyche in der Paarbeziehung Achtsame Beratung \u201eDer Erfolg einer Intervention h\u00e4ngt von der inneren Verfasstheit des Intervenierenden ab.\u201c&nbsp;Otto ScharmerNach dieser Aussage ist es also eine Hauptaufgabe des Coaches, die eigene Aufmerksamkeit zu kultivieren und [&hellip;]<\/p>\n","protected":false},"author":2,"featured_media":0,"parent":0,"menu_order":0,"comment_status":"closed","ping_status":"closed","template":"","meta":{"footnotes":""},"class_list":["post-675","page","type-page","status-publish","hentry"],"_links":{"self":[{"href":"https:\/\/baumer-paarberatung.de\/index.php?rest_route=\/wp\/v2\/pages\/675","targetHints":{"allow":["GET"]}}],"collection":[{"href":"https:\/\/baumer-paarberatung.de\/index.php?rest_route=\/wp\/v2\/pages"}],"about":[{"href":"https:\/\/baumer-paarberatung.de\/index.php?rest_route=\/wp\/v2\/types\/page"}],"author":[{"embeddable":true,"href":"https:\/\/baumer-paarberatung.de\/index.php?rest_route=\/wp\/v2\/users\/2"}],"replies":[{"embeddable":true,"href":"https:\/\/baumer-paarberatung.de\/index.php?rest_route=%2Fwp%2Fv2%2Fcomments&post=675"}],"version-history":[{"count":29,"href":"https:\/\/baumer-paarberatung.de\/index.php?rest_route=\/wp\/v2\/pages\/675\/revisions"}],"predecessor-version":[{"id":962,"href":"https:\/\/baumer-paarberatung.de\/index.php?rest_route=\/wp\/v2\/pages\/675\/revisions\/962"}],"wp:attachment":[{"href":"https:\/\/baumer-paarberatung.de\/index.php?rest_route=%2Fwp%2Fv2%2Fmedia&parent=675"}],"curies":[{"name":"wp","href":"https:\/\/api.w.org\/{rel}","templated":true}]}}