{"id":701,"date":"2020-05-29T16:33:41","date_gmt":"2020-05-29T16:33:41","guid":{"rendered":"https:\/\/baumer-paarberatung.de\/?page_id=701"},"modified":"2020-10-09T16:21:10","modified_gmt":"2020-10-09T16:21:10","slug":"sexualberatung-2","status":"publish","type":"page","link":"https:\/\/baumer-paarberatung.de\/?page_id=701","title":{"rendered":"Sexualberatung"},"content":{"rendered":"\n<h1 class=\"wp-block-heading\"><\/h1>\n\n\n\n<p>Sexualit\u00e4t ist Begehren, Hingabe und Vereinigung. Sie hat auch leidvolle Seiten, wie Scham, Schuldgef\u00fchle, Verletzungen und Zur\u00fcckweisungen. Die Routine des Alltags, beruflicher und famili\u00e4rer Stress dr\u00e4ngen h\u00e4ufig die intime Kommunikation in den Hintergrund, besonders wenn&nbsp;es um Entt\u00e4uschungen, unterschiedliche W\u00fcnsche, Versagensangst und Leistungsdruck geht. Sexuelle Unzufriedenheit und das Zweifeln an der Beziehung sind oft die Folge.<\/p>\n\n\n\n<p><strong>M\u00f6gliche Themen<\/strong><\/p>\n\n\n\n<ul class=\"wp-block-list\"><li>Orgasmusprobleme<\/li><li>Dyspareunie (Schmerzen beim Geschlechtsverkehr)<\/li><li>Vaginismus (unwillk\u00fcrliche Verkrampfung)<\/li><li>Mangel an sexuellem Verlangen<\/li><li>Ejakulatio pr\u00e4cox (Samenerguss nicht kontrollierbar\/zu fr\u00fch)<\/li><li>Errektionsst\u00f6rungen<\/li><li>(Unterschiedliche) sexuelle Pr\u00e4ferenzen<\/li><li>Sexualit\u00e4t im Alter (\u201eSilversex\u201c)<\/li><li>Seitenspr\u00fcnge<\/li><li>u. a.<\/li><\/ul>\n\n\n\n<p><strong>Arbeitsweise<\/strong><\/p>\n\n\n\n<p>In einem gesch\u00fctzten Rahmen kann alleine oder mit dem Partner\/Partnerin \u00fcber (intime) Themen gesprochen werden. M\u00f6glichkeiten k\u00f6nnen erfunden und entdeckt werden um die Partnerschaft bzw. die Sexualit\u00e4t freier, freudvoller und lustvoller gestalten zu k\u00f6nnen.<\/p>\n\n\n\n<p>Wichtig ist hierbei, dass ich mich neutral bzw. allparteilich verhalte und wertsch\u00e4tzend arbeite. Humor und Offenheit sind mir wichtig um Entspannung in dieses oftmals mit viel Unwissenheit und Scham besetzte Thema zu bringen.<\/p>\n\n\n\n<div class=\"wp-block-image\"><figure class=\"aligncenter\"><a href=\"http:\/\/baumer-sexualberatung.de\/wp-content\/uploads\/2015\/04\/Sexbild.png\"><img loading=\"lazy\" decoding=\"async\" width=\"197\" height=\"300\" src=\"http:\/\/baumer-sexualberatung.de\/wp-content\/uploads\/2015\/04\/Sexbild-197x300.png\" alt=\"Sexbild\" class=\"wp-image-88\" srcset=\"https:\/\/baumer-paarberatung.de\/wp-content\/uploads\/2015\/04\/Sexbild-197x300.png 197w, https:\/\/baumer-paarberatung.de\/wp-content\/uploads\/2015\/04\/Sexbild.png 450w\" sizes=\"auto, (max-width: 197px) 100vw, 197px\" \/><\/a><\/figure><\/div>\n\n\n\n<p><\/p>\n","protected":false},"excerpt":{"rendered":"<p>Sexualit\u00e4t ist Begehren, Hingabe und Vereinigung. Sie hat auch leidvolle Seiten, wie Scham, Schuldgef\u00fchle, Verletzungen und Zur\u00fcckweisungen. Die Routine des Alltags, beruflicher und famili\u00e4rer Stress dr\u00e4ngen h\u00e4ufig die intime Kommunikation in den Hintergrund, besonders wenn&nbsp;es um Entt\u00e4uschungen, unterschiedliche W\u00fcnsche, Versagensangst und Leistungsdruck geht. Sexuelle Unzufriedenheit und das Zweifeln an der Beziehung sind oft die Folge. [&hellip;]<\/p>\n","protected":false},"author":2,"featured_media":0,"parent":0,"menu_order":0,"comment_status":"closed","ping_status":"closed","template":"","meta":{"footnotes":""},"class_list":["post-701","page","type-page","status-publish","hentry"],"_links":{"self":[{"href":"https:\/\/baumer-paarberatung.de\/index.php?rest_route=\/wp\/v2\/pages\/701","targetHints":{"allow":["GET"]}}],"collection":[{"href":"https:\/\/baumer-paarberatung.de\/index.php?rest_route=\/wp\/v2\/pages"}],"about":[{"href":"https:\/\/baumer-paarberatung.de\/index.php?rest_route=\/wp\/v2\/types\/page"}],"author":[{"embeddable":true,"href":"https:\/\/baumer-paarberatung.de\/index.php?rest_route=\/wp\/v2\/users\/2"}],"replies":[{"embeddable":true,"href":"https:\/\/baumer-paarberatung.de\/index.php?rest_route=%2Fwp%2Fv2%2Fcomments&post=701"}],"version-history":[{"count":4,"href":"https:\/\/baumer-paarberatung.de\/index.php?rest_route=\/wp\/v2\/pages\/701\/revisions"}],"predecessor-version":[{"id":787,"href":"https:\/\/baumer-paarberatung.de\/index.php?rest_route=\/wp\/v2\/pages\/701\/revisions\/787"}],"wp:attachment":[{"href":"https:\/\/baumer-paarberatung.de\/index.php?rest_route=%2Fwp%2Fv2%2Fmedia&parent=701"}],"curies":[{"name":"wp","href":"https:\/\/api.w.org\/{rel}","templated":true}]}}