{"id":801,"date":"2020-10-09T17:22:12","date_gmt":"2020-10-09T17:22:12","guid":{"rendered":"https:\/\/baumer-paarberatung.de\/?page_id=801"},"modified":"2021-02-03T07:56:02","modified_gmt":"2021-02-03T07:56:02","slug":"grenzen","status":"publish","type":"page","link":"https:\/\/baumer-paarberatung.de\/?page_id=801","title":{"rendered":"Grenzen"},"content":{"rendered":"\n<p>Menschen, die <strong>Grenz\u00fcberschreitungen<\/strong> erlebt haben und\/ oder in der Kindheit nicht oder kaum z\u00e4rtlich ber\u00fchrt wurden, sind unsicher mit Bindungsmustern und k\u00f6nnen selten Grenzen ziehen, da sie kein Gef\u00fchl f\u00fcr ihr \u201eSelbst\u201c und die Au\u00dfenwelt haben.\u00a0Ereignisse werden aufgrund des traumatischen Hintergrunds interpretiert, die hohe Energie im System l\u00e4sst &#8222;Flucht- und Kampfreaktionen&#8220; anspringen, auf N\u00e4he wird mit Angst reagiert. Dabei sind die Gef\u00fchle nur zu viel f\u00fcr das eigene System, was zu Streit und Verlust von Beziehungen f\u00fchren kann.<br>Hier kann es hilfreich sein, mit Grenzen und Ber\u00fchrungen vorsichtig zu arbeiten, um mehr Eigenregulation zu entwickeln bevor \u00fcberhaupt z. B. das Thema \u201eSexualit\u00e4t\u201c einbezogen wird.\u00a0<br>Im Vordergrund steht die Vertiefung eines <strong>Sicherheitsgef\u00fchls <\/strong>um gleichzeitig in der Wachstumszone \u00dcbungen durchf\u00fchren zu k\u00f6nnen. Folgendes Schaubild kann dies verdeutlichen:<\/p>\n\n\n\n<figure class=\"wp-block-image size-large is-resized\"><img loading=\"lazy\" decoding=\"async\" src=\"https:\/\/baumer-paarberatung.de\/wp-content\/uploads\/2020\/10\/Bildschirmfoto-2020-10-09-um-21.02.20-1024x735.jpg\" alt=\"\" class=\"wp-image-805\" width=\"428\" height=\"307\" srcset=\"https:\/\/baumer-paarberatung.de\/wp-content\/uploads\/2020\/10\/Bildschirmfoto-2020-10-09-um-21.02.20-1024x735.jpg 1024w, https:\/\/baumer-paarberatung.de\/wp-content\/uploads\/2020\/10\/Bildschirmfoto-2020-10-09-um-21.02.20-300x215.jpg 300w, https:\/\/baumer-paarberatung.de\/wp-content\/uploads\/2020\/10\/Bildschirmfoto-2020-10-09-um-21.02.20-768x551.jpg 768w, https:\/\/baumer-paarberatung.de\/wp-content\/uploads\/2020\/10\/Bildschirmfoto-2020-10-09-um-21.02.20-624x448.jpg 624w, https:\/\/baumer-paarberatung.de\/wp-content\/uploads\/2020\/10\/Bildschirmfoto-2020-10-09-um-21.02.20.jpg 1070w\" sizes=\"auto, (max-width: 428px) 100vw, 428px\" \/><\/figure>\n\n\n\n<p><\/p>\n\n\n\n<p><\/p>\n\n\n\n<p>\u00dcbungen aus der K\u00f6rpertherapie helfen hierbei, sich selbst wahrzunehmen, Druck und Widerstand zu sp\u00fcren, dies aushalten zu k\u00f6nnen und eigene K\u00f6rper- und Schutzr\u00e4ume erkunden und einnehmen zu k\u00f6nnen. Dies geschieht langsam, achtsam und im guten Kontakt mit den Klienten.<br>Folgende <strong>\u00dcbungen<\/strong> w\u00e4ren denkbar:<br>&#8211; Selbstwahrnehmungen Innen und Au\u00dfen: Wie nehme ich meine F\u00fc\u00dfe wahr? Den Boden darunter? Wie f\u00fchlt sich mein K\u00f6rper an und wie sitze ich auf dem Stuhl? Welches K\u00f6rperteil f\u00fchlt sich warm und entspannt an? <br>&#8211; Positive Erfahrungen mit Grenzen sammeln im Kontakt: Welche K\u00f6rperteile akzeptiere ich an mir? Welche ber\u00fchre ich gerne? Welche darf mein Partner ber\u00fchren? Wie m\u00f6chte ich ber\u00fchrt werden? <br>&#8211; Wie f\u00fchlen sich meine Muskeln an? Wie die der Hand, der Beine, der F\u00fc\u00dfe? Welche Spannung empfinde ich als angenehm? Welche Bewegungen schaffen einen guten Abstand zu anderen?<br>&#8211; Welchen Druck gegen bspw. den Arm meines Partners empfinde ich als wohltuend? Wann sp\u00fcre ich mich ge-st\u00e4rkt? Wie nehme ich welche Muskeln wahr? Wie ist meine Haltung zum Thema Widerstand und Druck?<br>&#8211; Schutzraum: Durch welche Bewegungen, Spannung welcher Muskeln schaffe ich mir einen Schutzraum, einen Schutzmantel um mich?<br>&#8211; Welche Selbstregulationsmechanismen kenne ich und welche helfen? Wie gehe ich mit ansteigender Anspannung und Nervosit\u00e4t um? Wie orientiere ich mich im Hier und Jetzt dabei? Welche K\u00f6rperhaltung und Atmung hilft mir dabei? \u00dcbung: Bitte z\u00e4hlen Sie f\u00fcnf Gegenst\u00e4nde auf, die Sie im Raum sehen, blicken Sie diese direkt an. Wiederholen Sie diese \u00dcbung und sch\u00e4tzen sie jeweils Ihren Spannungszustand auf einer Skala 1-10 ein.<br><\/p>\n","protected":false},"excerpt":{"rendered":"<p>Menschen, die Grenz\u00fcberschreitungen erlebt haben und\/ oder in der Kindheit nicht oder kaum z\u00e4rtlich ber\u00fchrt wurden, sind unsicher mit Bindungsmustern und k\u00f6nnen selten Grenzen ziehen, da sie kein Gef\u00fchl f\u00fcr ihr \u201eSelbst\u201c und die Au\u00dfenwelt haben.\u00a0Ereignisse werden aufgrund des traumatischen Hintergrunds interpretiert, die hohe Energie im System l\u00e4sst &#8222;Flucht- und Kampfreaktionen&#8220; anspringen, auf N\u00e4he wird [&hellip;]<\/p>\n","protected":false},"author":2,"featured_media":0,"parent":17,"menu_order":5,"comment_status":"closed","ping_status":"closed","template":"","meta":{"footnotes":""},"class_list":["post-801","page","type-page","status-publish","hentry"],"_links":{"self":[{"href":"https:\/\/baumer-paarberatung.de\/index.php?rest_route=\/wp\/v2\/pages\/801","targetHints":{"allow":["GET"]}}],"collection":[{"href":"https:\/\/baumer-paarberatung.de\/index.php?rest_route=\/wp\/v2\/pages"}],"about":[{"href":"https:\/\/baumer-paarberatung.de\/index.php?rest_route=\/wp\/v2\/types\/page"}],"author":[{"embeddable":true,"href":"https:\/\/baumer-paarberatung.de\/index.php?rest_route=\/wp\/v2\/users\/2"}],"replies":[{"embeddable":true,"href":"https:\/\/baumer-paarberatung.de\/index.php?rest_route=%2Fwp%2Fv2%2Fcomments&post=801"}],"version-history":[{"count":9,"href":"https:\/\/baumer-paarberatung.de\/index.php?rest_route=\/wp\/v2\/pages\/801\/revisions"}],"predecessor-version":[{"id":1023,"href":"https:\/\/baumer-paarberatung.de\/index.php?rest_route=\/wp\/v2\/pages\/801\/revisions\/1023"}],"up":[{"embeddable":true,"href":"https:\/\/baumer-paarberatung.de\/index.php?rest_route=\/wp\/v2\/pages\/17"}],"wp:attachment":[{"href":"https:\/\/baumer-paarberatung.de\/index.php?rest_route=%2Fwp%2Fv2%2Fmedia&parent=801"}],"curies":[{"name":"wp","href":"https:\/\/api.w.org\/{rel}","templated":true}]}}