{"id":92,"date":"2015-04-09T18:49:00","date_gmt":"2015-04-09T18:49:00","guid":{"rendered":"http:\/\/baumer-sexualberatung.de\/?page_id=92"},"modified":"2020-10-29T10:21:08","modified_gmt":"2020-10-29T10:21:08","slug":"links-2","status":"publish","type":"page","link":"https:\/\/baumer-paarberatung.de\/?page_id=92","title":{"rendered":"Links"},"content":{"rendered":"<p><a href=\"http:\/\/www.baumer-beratung.de\">www.baumer-beratung.de<\/a>\u00a0(zus\u00e4tzliche Informationen)<br \/><a href=\"http:\/\/www.systemiker.de\">www.systemiker.de<\/a> \u00a0(systemisches Institut Karlsruhe, sys-TEM)<br \/><a href=\"http:\/\/www.saad-paarberatung.de\">www.saad-paarberatung.de\u00a0<\/a>(eine Kollegin bei Freiburg)<br \/><a href=\"http:\/\/www.ph-heidelberg.de\">www.ph-heidelberg.de\u00a0<\/a> (Informationen zum Heidelberger Kompetenztraining)<br \/><a href=\"http:\/\/auer-verlag.de\">www.auer-verlag.de<\/a> (&#8222;der&#8220; systemische Verlag-mein erstes Buch erschien im M\u00e4rz dort)<br \/><a href=\"https:\/\/ratgeber-lifestyle.de\/beitraege\/persoenlichkeitsentwicklung\/visualisierung.html\">www.ratgeber-lifestyle.de<\/a>\u00a0(ein von mir verfasster Artikel zum Thema &#8222;Erfolg und Visualisierung&#8220;, interessant auch f\u00fcr diejenigen, die ihre Gef\u00fchle beeinflussen m\u00f6chten)<br \/><a title=\"Trennungen\" href=\"http:\/\/www.ratgeber-lifestyle.de\/beitraege\/lifestyle\/trennung-akzeptieren-und-loslassen.html\">www.ratgeber-lifestyle.de<\/a> (ein Artikel von mir zum Thema &#8222;Trennungen loslassen und verarbeiten&#8220;)<br \/><a title=\"Paarberatung\" href=\"http:\/\/doch-noch.de\">www.doch-noch.de<\/a> (eine interessante Webseite zum Thema Paar- und Sexualberatung in Hamburg)<\/p>\n<p><strong>Literatur<\/strong><br \/>Clement, Ulrich. Wenn Liebe fremdgeht. Ullstein Verlag.<br \/>Dei\u00dfler, Nina: Klartext f\u00fcr M\u00e4nner. Schwarzkopf und Schwarzkopf Verlag.<br \/>Dei\u00dfler, Nina: Klartext f\u00fcr Frauen. Schwarzkopf und Schwarzkopf Verlag.<br \/>Henning, Ann-Marlene und Tina Bremer- Olszewski: Make love. Rogner und Bernhard Verlag.<br \/>Kanfer, Frederick: Selbstmanagement-Therapie. Springer Verlag.<br \/>Klees, Katharina: Traumasensible Paartherapie. Jungfermann Verlag.<br \/>Levine, Peter: Sprache ohne Worte. K\u00f6sel Verlag.<br \/><span style=\"font-size: 1rem;\">von Tiedemann, Friederike: Vers\u00f6hnungsprozesse in der Paartherapie. Junfermann Verlag.<br \/><\/span><span style=\"font-size: 1rem;\">Rescio, Susanna: Sex und Achtsamkeit. Kamphausen Verlag.<br \/><\/span><span style=\"font-size: 1rem;\">Riedl Michaela: Yoni Massage. Hans-NIetsch-Verlag.<br \/><\/span><span style=\"font-size: 1rem;\">Schnarch, David: Die Psychologie sexueller Leidenschaft. Piper Verlag.<br \/>Seidel, Christine: Wenn die Seele nicht heilen will. MVG Verlag.<br \/>Shaw, Julia: Das tr\u00fcgerische Ged\u00e4chtnis. Hanser Verlag.<br \/><\/span><span style=\"font-size: 1rem;\">Sparmann, Julia: Lustvoll k\u00f6rperw\u00e4rts. Psychosozial-Verlag.<br \/><\/span><span style=\"font-size: 1rem;\">Vetter, Brigitte: Sexuelle St\u00f6rungen. Huber Verlag.<br \/><\/span><span style=\"font-size: 1rem;\">Weiss, Halko u.a.: Das Achtsamkeitsbuch. Klett-Cotta Verlag.<\/span><\/p>\n\n\n<p><strong>Bilder<\/strong><br>Viele Bilder stammen von pixabay.com<\/p>\n","protected":false},"excerpt":{"rendered":"<p>www.baumer-beratung.de\u00a0(zus\u00e4tzliche Informationen)www.systemiker.de \u00a0(systemisches Institut Karlsruhe, sys-TEM)www.saad-paarberatung.de\u00a0(eine Kollegin bei Freiburg)www.ph-heidelberg.de\u00a0 (Informationen zum Heidelberger Kompetenztraining)www.auer-verlag.de (&#8222;der&#8220; systemische Verlag-mein erstes Buch erschien im M\u00e4rz dort)www.ratgeber-lifestyle.de\u00a0(ein von mir verfasster Artikel zum Thema &#8222;Erfolg und Visualisierung&#8220;, interessant auch f\u00fcr diejenigen, die ihre Gef\u00fchle beeinflussen m\u00f6chten)www.ratgeber-lifestyle.de (ein Artikel von mir zum Thema &#8222;Trennungen loslassen und verarbeiten&#8220;)www.doch-noch.de (eine interessante Webseite zum Thema [&hellip;]<\/p>\n","protected":false},"author":2,"featured_media":0,"parent":0,"menu_order":0,"comment_status":"closed","ping_status":"open","template":"","meta":{"footnotes":""},"class_list":["post-92","page","type-page","status-publish","hentry"],"_links":{"self":[{"href":"https:\/\/baumer-paarberatung.de\/index.php?rest_route=\/wp\/v2\/pages\/92","targetHints":{"allow":["GET"]}}],"collection":[{"href":"https:\/\/baumer-paarberatung.de\/index.php?rest_route=\/wp\/v2\/pages"}],"about":[{"href":"https:\/\/baumer-paarberatung.de\/index.php?rest_route=\/wp\/v2\/types\/page"}],"author":[{"embeddable":true,"href":"https:\/\/baumer-paarberatung.de\/index.php?rest_route=\/wp\/v2\/users\/2"}],"replies":[{"embeddable":true,"href":"https:\/\/baumer-paarberatung.de\/index.php?rest_route=%2Fwp%2Fv2%2Fcomments&post=92"}],"version-history":[{"count":28,"href":"https:\/\/baumer-paarberatung.de\/index.php?rest_route=\/wp\/v2\/pages\/92\/revisions"}],"predecessor-version":[{"id":844,"href":"https:\/\/baumer-paarberatung.de\/index.php?rest_route=\/wp\/v2\/pages\/92\/revisions\/844"}],"wp:attachment":[{"href":"https:\/\/baumer-paarberatung.de\/index.php?rest_route=%2Fwp%2Fv2%2Fmedia&parent=92"}],"curies":[{"name":"wp","href":"https:\/\/api.w.org\/{rel}","templated":true}]}}