{"id":967,"date":"2021-01-06T19:34:52","date_gmt":"2021-01-06T19:34:52","guid":{"rendered":"https:\/\/baumer-paarberatung.de\/?page_id=967"},"modified":"2021-01-10T16:35:03","modified_gmt":"2021-01-10T16:35:03","slug":"traumasensible-sexualberatung","status":"publish","type":"page","link":"https:\/\/baumer-paarberatung.de\/?page_id=967","title":{"rendered":"Traumasensible Sexualberatung"},"content":{"rendered":"\n<p>Traumasensible Sexualberatung bietet einen Raum um traumatische Erlebnisse in Bezug auf das Thema Sexualit\u00e4t ansprechen zu k\u00f6nnen. So ersch\u00fcttern erfahrener Missbrauch, Gewalt und Vernachl\u00e4ssigung Menschen tief und k\u00f6nnen langfristige Folgen haben, psychisch wie auch k\u00f6rperlich. Menschen mit Traumafolgest\u00f6rungen ben\u00f6tigen spezialisierte Angebote.<br><br>Ich biete hierf\u00fcr stabilisierungs- und ressourcenorientierte Methoden mit folgenden Inhalten und Themen an: <br><br><span class=\"has-inline-color has-blue-color\">ein Sicherheitsgef\u00fchl aufbauen<br>den eigenen K\u00f6rper (besser) sp\u00fcren <br>Grenzen erfahren und setzen <br>Sexualit\u00e4t liebevoll gestalten <br>hilfreicher Umgang mit Scham, Trauer und Wut <br>Regulations-\/Emotions\u00fcbungen<br>eigene Bed\u00fcrfnisse wahrnehmen<br>Umgang mit verschiedenen inneren &#8222;Anteilen&#8220;<br>Orientierungen<\/span><br><span class=\"has-inline-color has-blue-color\">Umgang mit der Herkunftsfamilie<\/span><\/p>\n\n\n\n<p>Gemeinsam mit den Menschen, die sich mir anvertrauen, begebe ich mich auf Spuren-suche. Wir besprechen die seelischen, k\u00f6rperlichen und partnerschaftlichen Probleme in dem jeweiligen individuellen Tempo, dadurch wird es m\u00f6glich, sich selbst und die eigene Sexualit\u00e4t besser zu verstehen. F\u00fcr mich hat jeder Mensch gute Gr\u00fcnde, wieso er den bisherigen Lebensweg gew\u00e4hlt hat und ich gehe achtsam damit um. Auf diese sanfte Weise k\u00f6nnen  gegangene Pfade betrachtet und gleichzeitig neue L\u00f6sungswege beschritten werden.<br><br><\/p>\n\n\n\n<div class=\"wp-block-image\"><figure class=\"aligncenter size-large is-resized\"><img loading=\"lazy\" decoding=\"async\" src=\"https:\/\/baumer-paarberatung.de\/wp-content\/uploads\/2021\/01\/crocus-4851623_1280-1024x682.jpg\" alt=\"\" class=\"wp-image-972\" width=\"523\" height=\"348\" srcset=\"https:\/\/baumer-paarberatung.de\/wp-content\/uploads\/2021\/01\/crocus-4851623_1280-1024x682.jpg 1024w, https:\/\/baumer-paarberatung.de\/wp-content\/uploads\/2021\/01\/crocus-4851623_1280-300x200.jpg 300w, https:\/\/baumer-paarberatung.de\/wp-content\/uploads\/2021\/01\/crocus-4851623_1280-768x512.jpg 768w, https:\/\/baumer-paarberatung.de\/wp-content\/uploads\/2021\/01\/crocus-4851623_1280-624x416.jpg 624w, https:\/\/baumer-paarberatung.de\/wp-content\/uploads\/2021\/01\/crocus-4851623_1280.jpg 1280w\" sizes=\"auto, (max-width: 523px) 100vw, 523px\" \/><\/figure><\/div>\n\n\n\n<p><\/p>\n\n\n\n<p><\/p>\n\n\n\n<p><\/p>\n\n\n\n<p class=\"has-text-align-center has-blue-color has-text-color has-medium-font-size\">Ich bin Leben, das leben will, inmitten von Leben, das leben will. (Albert Schweitzer)<\/p>\n\n\n\n<p><\/p>\n","protected":false},"excerpt":{"rendered":"<p>Traumasensible Sexualberatung bietet einen Raum um traumatische Erlebnisse in Bezug auf das Thema Sexualit\u00e4t ansprechen zu k\u00f6nnen. So ersch\u00fcttern erfahrener Missbrauch, Gewalt und Vernachl\u00e4ssigung Menschen tief und k\u00f6nnen langfristige Folgen haben, psychisch wie auch k\u00f6rperlich. Menschen mit Traumafolgest\u00f6rungen ben\u00f6tigen spezialisierte Angebote. Ich biete hierf\u00fcr stabilisierungs- und ressourcenorientierte Methoden mit folgenden Inhalten und Themen an: ein [&hellip;]<\/p>\n","protected":false},"author":2,"featured_media":0,"parent":0,"menu_order":0,"comment_status":"closed","ping_status":"closed","template":"","meta":{"footnotes":""},"class_list":["post-967","page","type-page","status-publish","hentry"],"_links":{"self":[{"href":"https:\/\/baumer-paarberatung.de\/index.php?rest_route=\/wp\/v2\/pages\/967","targetHints":{"allow":["GET"]}}],"collection":[{"href":"https:\/\/baumer-paarberatung.de\/index.php?rest_route=\/wp\/v2\/pages"}],"about":[{"href":"https:\/\/baumer-paarberatung.de\/index.php?rest_route=\/wp\/v2\/types\/page"}],"author":[{"embeddable":true,"href":"https:\/\/baumer-paarberatung.de\/index.php?rest_route=\/wp\/v2\/users\/2"}],"replies":[{"embeddable":true,"href":"https:\/\/baumer-paarberatung.de\/index.php?rest_route=%2Fwp%2Fv2%2Fcomments&post=967"}],"version-history":[{"count":8,"href":"https:\/\/baumer-paarberatung.de\/index.php?rest_route=\/wp\/v2\/pages\/967\/revisions"}],"predecessor-version":[{"id":1002,"href":"https:\/\/baumer-paarberatung.de\/index.php?rest_route=\/wp\/v2\/pages\/967\/revisions\/1002"}],"wp:attachment":[{"href":"https:\/\/baumer-paarberatung.de\/index.php?rest_route=%2Fwp%2Fv2%2Fmedia&parent=967"}],"curies":[{"name":"wp","href":"https:\/\/api.w.org\/{rel}","templated":true}]}}